{"id":6870,"date":"2024-02-23T13:18:15","date_gmt":"2024-02-23T13:18:15","guid":{"rendered":"https:\/\/sites-dev.com\/IMI\/?page_id=6870"},"modified":"2024-09-01T18:58:25","modified_gmt":"2024-09-01T18:58:25","slug":"mission-and-vision","status":"publish","type":"page","link":"https:\/\/imiinstitute.com\/es\/mission-and-vision\/","title":{"rendered":"Mission and vision"},"content":{"rendered":"<div data-elementor-type=\"wp-page\" data-elementor-id=\"6870\" class=\"elementor elementor-6870\" data-elementor-post-type=\"page\">\n\t\t\t\t<div data-particle_enable=\"false\" data-particle-mobile-disabled=\"false\" class=\"elementor-element elementor-element-64f1a49 e-con-full e-flex e-con e-parent\" data-id=\"64f1a49\" data-element_type=\"container\" data-settings=\"{&quot;background_background&quot;:&quot;classic&quot;,&quot;xpro_backdrop_filter&quot;:&quot;yes&quot;}\">\n\t\t<div data-particle_enable=\"false\" data-particle-mobile-disabled=\"false\" class=\"elementor-element elementor-element-4aa5f47 e-con-full e-flex e-con e-child\" data-id=\"4aa5f47\" data-element_type=\"container\">\n\t\t\t\t<div class=\"elementor-element elementor-element-54e07af elementor-widget__width-initial bg-title-initiative elementor-widget elementor-widget-heading\" data-id=\"54e07af\" data-element_type=\"widget\" data-widget_type=\"heading.default\">\n\t\t\t\t<div class=\"elementor-widget-container\">\n\t\t\t\t\t<h1 class=\"elementor-heading-title elementor-size-default\">Nuestra Visi\u00f3n, Misi\u00f3n y Valores<\/h1>\t\t\t\t<\/div>\n\t\t\t\t<\/div>\n\t\t\t\t<\/div>\n\t\t\t\t<\/div>\n\t\t\t\t<section data-particle_enable=\"false\" data-particle-mobile-disabled=\"false\" class=\"elementor-section elementor-top-section elementor-element elementor-element-77daec5f elementor-section-content-middle animated-slow elementor-section-full_width elementor-section-height-default elementor-section-height-default elementor-invisible\" data-id=\"77daec5f\" data-element_type=\"section\" data-settings=\"{&quot;animation&quot;:&quot;slideInRight&quot;}\">\n\t\t\t\t\t\t<div class=\"elementor-container elementor-column-gap-default\">\n\t\t\t\t\t<div class=\"elementor-column elementor-col-100 elementor-top-column elementor-element elementor-element-1948affb\" data-id=\"1948affb\" data-element_type=\"column\">\n\t\t\t<div class=\"elementor-widget-wrap elementor-element-populated\">\n\t\t\t\t\t\t<div class=\"elementor-element elementor-element-65b02a60 elementor-widget elementor-widget-heading\" data-id=\"65b02a60\" data-element_type=\"widget\" data-widget_type=\"heading.default\">\n\t\t\t\t<div class=\"elementor-widget-container\">\n\t\t\t\t\t<h2 class=\"elementor-heading-title elementor-size-default\">Nuestra visi\u00f3n\n\n<\/h2>\t\t\t\t<\/div>\n\t\t\t\t<\/div>\n\t\t\t\t<div class=\"elementor-element elementor-element-3339607 medium-p p-home elementor-widget elementor-widget-text-editor\" data-id=\"3339607\" data-element_type=\"widget\" data-widget_type=\"text-editor.default\">\n\t\t\t\t<div class=\"elementor-widget-container\">\n\t\t\t\t\t\t\t\t\tCreemos que un mundo m\u00e1s consciente es posible y sabemos que algunas personas y organizaciones est\u00e1n preparadas para hacerlo realidad. Sabemos que hay una nueva generaci\u00f3n de personas altamente conscientes que pueden crear con peque\u00f1as acciones un mundo mejor. Nuestra visi\u00f3n es ayudar a aquellas personas y organizaciones que quieran avanzar e ir un paso m\u00e1s all\u00e1 para aumentar su nivel de consciencia con el fin de crear un mundo en l\u00ednea con el bienestar de todos, la verdad, la justicia, la paz y el amor.\n\n\t\t\t\t\t\t\t\t<\/div>\n\t\t\t\t<\/div>\n\t\t\t\t\t<\/div>\n\t\t<\/div>\n\t\t\t\t\t<\/div>\n\t\t<\/section>\n\t\t\t\t<section data-particle_enable=\"false\" data-particle-mobile-disabled=\"false\" class=\"elementor-section elementor-top-section elementor-element elementor-element-d632773 elementor-section-content-middle animated-slow elementor-section-full_width elementor-section-height-default elementor-section-height-default elementor-invisible\" data-id=\"d632773\" data-element_type=\"section\" data-settings=\"{&quot;animation&quot;:&quot;slideInRight&quot;}\">\n\t\t\t\t\t\t<div class=\"elementor-container elementor-column-gap-default\">\n\t\t\t\t\t<div class=\"elementor-column elementor-col-100 elementor-top-column elementor-element elementor-element-dcb8902\" data-id=\"dcb8902\" data-element_type=\"column\">\n\t\t\t<div class=\"elementor-widget-wrap elementor-element-populated\">\n\t\t\t\t\t\t<div class=\"elementor-element elementor-element-29b7b84 elementor-widget elementor-widget-heading\" data-id=\"29b7b84\" data-element_type=\"widget\" data-widget_type=\"heading.default\">\n\t\t\t\t<div class=\"elementor-widget-container\">\n\t\t\t\t\t<h2 class=\"elementor-heading-title elementor-size-default\">Nuestra misi\u00f3n<\/h2>\t\t\t\t<\/div>\n\t\t\t\t<\/div>\n\t\t\t\t<div class=\"elementor-element elementor-element-cd6b4a7 medium-p  p-home elementor-widget elementor-widget-text-editor\" data-id=\"cd6b4a7\" data-element_type=\"widget\" data-widget_type=\"text-editor.default\">\n\t\t\t\t<div class=\"elementor-widget-container\">\n\t\t\t\t\t\t\t\t\t<p class=\"translation-block\">Nuestro objetivo es hacer realidad nuestra visi\u00f3n, promoviendo cursos de formaci\u00f3n y entrenamiento (Coaching) basados en una nueva metodolog\u00eda llamada GESTI\u00d3N INTEGRAL DEL CONOCIMIENTO que permite la gesti\u00f3n del conocimiento end\u00f3geno y ex\u00f3geno.\nEsto se hace desde un enfoque hol\u00edstico que a\u00fana el crecimiento personal, la gesti\u00f3n de empresas y organizaciones, el desarrollo social y la econom\u00eda circular.<\/p>\t\t\t\t\t\t\t\t<\/div>\n\t\t\t\t<\/div>\n\t\t\t\t<div class=\"elementor-element elementor-element-f58c968 elementor-align-left elementor-widget elementor-widget-button\" data-id=\"f58c968\" data-element_type=\"widget\" data-widget_type=\"button.default\">\n\t\t\t\t<div class=\"elementor-widget-container\">\n\t\t\t\t\t\t\t\t\t<div class=\"elementor-button-wrapper\">\n\t\t\t\t\t<a class=\"elementor-button elementor-button-link elementor-size-md\" href=\"https:\/\/imiinstitute.com\/es\/user-login\/\">\n\t\t\t\t\t\t<span class=\"elementor-button-content-wrapper\">\n\t\t\t\t\t\t<span class=\"elementor-button-icon\">\n\t\t\t\t<i aria-hidden=\"true\" class=\"far fa-arrow-alt-circle-right\"><\/i>\t\t\t<\/span>\n\t\t\t\t\t\t\t\t\t<span class=\"elementor-button-text\">Reg\u00edstrate ahora<\/span>\n\t\t\t\t\t<\/span>\n\t\t\t\t\t<\/a>\n\t\t\t\t<\/div>\n\t\t\t\t\t\t\t\t<\/div>\n\t\t\t\t<\/div>\n\t\t\t\t\t<\/div>\n\t\t<\/div>\n\t\t\t\t\t<\/div>\n\t\t<\/section>\n\t\t\t\t<section data-particle_enable=\"false\" data-particle-mobile-disabled=\"false\" class=\"elementor-section elementor-top-section elementor-element elementor-element-85dc849 elementor-section-content-middle animated-slow elementor-section-full_width elementor-section-height-default elementor-section-height-default elementor-invisible\" data-id=\"85dc849\" data-element_type=\"section\" data-settings=\"{&quot;animation&quot;:&quot;slideInRight&quot;}\">\n\t\t\t\t\t\t<div class=\"elementor-container elementor-column-gap-default\">\n\t\t\t\t\t<div class=\"elementor-column elementor-col-100 elementor-top-column elementor-element elementor-element-b860303\" data-id=\"b860303\" data-element_type=\"column\">\n\t\t\t<div class=\"elementor-widget-wrap elementor-element-populated\">\n\t\t\t\t\t\t<div class=\"elementor-element elementor-element-78a5fc8 elementor-widget elementor-widget-heading\" data-id=\"78a5fc8\" data-element_type=\"widget\" data-widget_type=\"heading.default\">\n\t\t\t\t<div class=\"elementor-widget-container\">\n\t\t\t\t\t<h2 class=\"elementor-heading-title elementor-size-default\">Nuestros valores<\/h2>\t\t\t\t<\/div>\n\t\t\t\t<\/div>\n\t\t\t\t<div class=\"elementor-element elementor-element-118146c elementor-widget elementor-widget-xpro-post-grid\" data-id=\"118146c\" data-element_type=\"widget\" data-settings=\"{&quot;item_height&quot;:{&quot;unit&quot;:&quot;px&quot;,&quot;size&quot;:350,&quot;sizes&quot;:[]},&quot;column_grid&quot;:&quot;3&quot;,&quot;column_grid_tablet&quot;:&quot;2&quot;,&quot;column_grid_mobile&quot;:&quot;1&quot;,&quot;item_height_tablet&quot;:{&quot;unit&quot;:&quot;px&quot;,&quot;size&quot;:&quot;&quot;,&quot;sizes&quot;:[]},&quot;item_height_mobile&quot;:{&quot;unit&quot;:&quot;px&quot;,&quot;size&quot;:&quot;&quot;,&quot;sizes&quot;:[]},&quot;image_height&quot;:{&quot;unit&quot;:&quot;px&quot;,&quot;size&quot;:&quot;&quot;,&quot;sizes&quot;:[]},&quot;image_height_tablet&quot;:{&quot;unit&quot;:&quot;px&quot;,&quot;size&quot;:&quot;&quot;,&quot;sizes&quot;:[]},&quot;image_height_mobile&quot;:{&quot;unit&quot;:&quot;px&quot;,&quot;size&quot;:&quot;&quot;,&quot;sizes&quot;:[]},&quot;space_between&quot;:{&quot;unit&quot;:&quot;px&quot;,&quot;size&quot;:15,&quot;sizes&quot;:[]},&quot;space_between_tablet&quot;:{&quot;unit&quot;:&quot;px&quot;,&quot;size&quot;:15,&quot;sizes&quot;:[]},&quot;space_between_mobile&quot;:{&quot;unit&quot;:&quot;px&quot;,&quot;size&quot;:15,&quot;sizes&quot;:[]},&quot;content_height&quot;:{&quot;unit&quot;:&quot;px&quot;,&quot;size&quot;:&quot;&quot;,&quot;sizes&quot;:[]},&quot;content_height_tablet&quot;:{&quot;unit&quot;:&quot;px&quot;,&quot;size&quot;:&quot;&quot;,&quot;sizes&quot;:[]},&quot;content_height_mobile&quot;:{&quot;unit&quot;:&quot;px&quot;,&quot;size&quot;:&quot;&quot;,&quot;sizes&quot;:[]}}\" data-widget_type=\"xpro-post-grid.default\">\n\t\t\t\t<div class=\"elementor-widget-container\">\n\t\t\t\t\t\n\t\t<div class=\"xpro-post-grid-wrapper xpro-post-grid-layout-9\">\n\n\t\t\t\n\t\t\t\t<div class=\"xpro-post-grid-main cbp\">\n\n\t\t\t\t\t\n<div class=\"cbp-item xpro-post-grid-item\">\n\t\t\t<div class=\"xpro-post-grid-image\">\n\t\t\t<img fetchpriority=\"high\" decoding=\"async\" width=\"300\" height=\"214\" src=\"https:\/\/imiinstitute.com\/wp-content\/uploads\/2024\/02\/3-300x214.png\" class=\"attachment-medium size-medium\" alt=\"\" srcset=\"https:\/\/imiinstitute.com\/wp-content\/uploads\/2024\/02\/3-300x214.png 300w, https:\/\/imiinstitute.com\/wp-content\/uploads\/2024\/02\/3-600x429.png 600w, https:\/\/imiinstitute.com\/wp-content\/uploads\/2024\/02\/3.png 700w\" sizes=\"(max-width: 300px) 100vw, 300px\" \/>\t\t\t\t\t<\/div>\n\t\n\t<div class=\"xpro-post-grid-content\">\n\n\t\t\n\t\t\n\t\t<a href=\"https:\/\/imiinstitute.com\/es\/vibrant-abstract-painting\/\">\n\t\t\t<h2 class=\"xpro-post-grid-title\">Conocimiento y verdad:<\/h2>\n\t\t<\/a>\n\n\t\t\n\t\t\t\t\t<p class=\"xpro-post-grid-excerpt\">Motivamos a personas y organizaciones a fomentar su conocimiento end\u00f3geno y los preparamos para alinearlos con las verdades universales.<\/p>\n\t\t\t\t\t\t\n\t\t\n\t<\/div>\n<\/div>\n\n<div class=\"cbp-item xpro-post-grid-item\">\n\t\t\t<div class=\"xpro-post-grid-image\">\n\t\t\t<img decoding=\"async\" width=\"300\" height=\"214\" src=\"https:\/\/imiinstitute.com\/wp-content\/uploads\/2024\/02\/2-300x214.png\" class=\"attachment-medium size-medium\" alt=\"\" srcset=\"https:\/\/imiinstitute.com\/wp-content\/uploads\/2024\/02\/2-300x214.png 300w, https:\/\/imiinstitute.com\/wp-content\/uploads\/2024\/02\/2-600x429.png 600w, https:\/\/imiinstitute.com\/wp-content\/uploads\/2024\/02\/2.png 700w\" sizes=\"(max-width: 300px) 100vw, 300px\" \/>\t\t\t\t\t<\/div>\n\t\n\t<div class=\"xpro-post-grid-content\">\n\n\t\t\n\t\t\n\t\t<a href=\"https:\/\/imiinstitute.com\/es\/helping-artists-launch-web\/\">\n\t\t\t<h2 class=\"xpro-post-grid-title\">Cuidado y respeto:<\/h2>\n\t\t<\/a>\n\n\t\t\n\t\t\t\t\t<p class=\"xpro-post-grid-excerpt\">Preparamos a personas y organizaciones a dise\u00f1ar y crear estructuras basadas en el conocimiento end\u00f3geno para luego implementarlas en las estructuras individuales de las personas y de una manera expansiva a trav\u00e9s del cuidado hacia los otros y del entorno.<\/p>\n\t\t\t\t\t\t\n\t\t\n\t<\/div>\n<\/div>\n\n<div class=\"cbp-item xpro-post-grid-item\">\n\t\t\t<div class=\"xpro-post-grid-image\">\n\t\t\t<img decoding=\"async\" width=\"300\" height=\"214\" src=\"https:\/\/imiinstitute.com\/wp-content\/uploads\/2024\/02\/1-300x214.png\" class=\"attachment-medium size-medium\" alt=\"\" srcset=\"https:\/\/imiinstitute.com\/wp-content\/uploads\/2024\/02\/1-300x214.png 300w, https:\/\/imiinstitute.com\/wp-content\/uploads\/2024\/02\/1-600x429.png 600w, https:\/\/imiinstitute.com\/wp-content\/uploads\/2024\/02\/1.png 700w\" sizes=\"(max-width: 300px) 100vw, 300px\" \/>\t\t\t\t\t<\/div>\n\t\n\t<div class=\"xpro-post-grid-content\">\n\n\t\t\n\t\t\n\t\t<a href=\"https:\/\/imiinstitute.com\/es\/socially-engaged-art\/\">\n\t\t\t<h2 class=\"xpro-post-grid-title\">Paz:<\/h2>\n\t\t<\/a>\n\n\t\t\n\t\t\t\t\t<p class=\"xpro-post-grid-excerpt\">Preparamos a personas y organizaciones a alcanzar la paz interior, creyendo que la paz individual conduce a la paz universal.<\/p>\n\t\t\t\t\t\t\n\t\t\n\t<\/div>\n<\/div>\n\n\t\t\t\t<\/div>\n\n\t\t\t\t\n\t\t<\/div>\n\n\t\t\t\t\t\t<\/div>\n\t\t\t\t<\/div>\n\t\t\t\t<div class=\"elementor-element elementor-element-56e88f2 medium-p  p-home elementor-widget elementor-widget-text-editor\" data-id=\"56e88f2\" data-element_type=\"widget\" data-widget_type=\"text-editor.default\">\n\t\t\t\t<div class=\"elementor-widget-container translation-block\"><span>El <\/span><a href=\"https:\/\/imiinstitute.com\/es\/\" target=\"_self\"><span>IMI<\/span><\/a><span> es una organizaci\u00f3n independiente<\/span><span>, no religiosa y apol\u00edtica<\/span><span> que cree que los cambios que deben producirse en el mundo se producir\u00e1n mediante el desarrollo de individuos <\/span><span>que est\u00e9n preparados para alcanzar un nivel de onsciencia superior<\/span><span>.<\/span><span><br>Nuestro objetivo es proporcionar el marco para alcanzar<\/span><span> ese nivel de onsciencia con las herramientas y el cuidado adecuados<\/span><span>.<\/span><span><br>Los principios fundadores del Instituto son <\/span><strong>Verdad, Cuidado y Paz<\/strong><span>.<\/span><\/div>\n\t\t\t\t<\/div>\n\t\t\t\t\t<\/div>\n\t\t<\/div>\n\t\t\t\t\t<\/div>\n\t\t<\/section>\n\t\t\t\t<\/div>","protected":false},"excerpt":{"rendered":"<p>Our Vision, Mission and Values Our Vision We believe that a more conscious world is possible, and we know that <\/p>","protected":false},"author":1,"featured_media":0,"parent":0,"menu_order":0,"comment_status":"closed","ping_status":"closed","template":"elementor_header_footer","meta":{"footnotes":""},"class_list":["post-6870","page","type-page","status-publish","hentry"],"acf":[],"_links":{"self":[{"href":"https:\/\/imiinstitute.com\/es\/wp-json\/wp\/v2\/pages\/6870","targetHints":{"allow":["GET"]}}],"collection":[{"href":"https:\/\/imiinstitute.com\/es\/wp-json\/wp\/v2\/pages"}],"about":[{"href":"https:\/\/imiinstitute.com\/es\/wp-json\/wp\/v2\/types\/page"}],"author":[{"embeddable":true,"href":"https:\/\/imiinstitute.com\/es\/wp-json\/wp\/v2\/users\/1"}],"replies":[{"embeddable":true,"href":"https:\/\/imiinstitute.com\/es\/wp-json\/wp\/v2\/comments?post=6870"}],"version-history":[{"count":188,"href":"https:\/\/imiinstitute.com\/es\/wp-json\/wp\/v2\/pages\/6870\/revisions"}],"predecessor-version":[{"id":13143,"href":"https:\/\/imiinstitute.com\/es\/wp-json\/wp\/v2\/pages\/6870\/revisions\/13143"}],"wp:attachment":[{"href":"https:\/\/imiinstitute.com\/es\/wp-json\/wp\/v2\/media?parent=6870"}],"curies":[{"name":"wp","href":"https:\/\/api.w.org\/{rel}","templated":true}]}}