{"id":6935,"date":"2024-02-26T09:59:48","date_gmt":"2024-02-26T09:59:48","guid":{"rendered":"https:\/\/sites-dev.com\/IMI\/?page_id=6935"},"modified":"2024-11-08T10:34:41","modified_gmt":"2024-11-08T10:34:41","slug":"impact","status":"publish","type":"page","link":"https:\/\/imiinstitute.com\/es\/impact\/","title":{"rendered":"Impact"},"content":{"rendered":"<div data-elementor-type=\"wp-page\" data-elementor-id=\"6935\" class=\"elementor elementor-6935\" data-elementor-post-type=\"page\">\n\t\t\t\t<div data-particle_enable=\"false\" data-particle-mobile-disabled=\"false\" class=\"elementor-element elementor-element-b63e8b4 e-con-full e-flex e-con e-parent\" data-id=\"b63e8b4\" data-element_type=\"container\" data-settings=\"{&quot;background_background&quot;:&quot;classic&quot;,&quot;xpro_backdrop_filter&quot;:&quot;yes&quot;}\">\n\t\t<div data-particle_enable=\"false\" data-particle-mobile-disabled=\"false\" class=\"elementor-element elementor-element-2f0a640 e-con-full e-flex e-con e-child\" data-id=\"2f0a640\" data-element_type=\"container\">\n\t\t\t\t<div class=\"elementor-element elementor-element-be9d8a4 elementor-widget__width-initial bg-title-initiative elementor-widget elementor-widget-heading\" data-id=\"be9d8a4\" data-element_type=\"widget\" data-widget_type=\"heading.default\">\n\t\t\t\t<div class=\"elementor-widget-container\">\n\t\t\t\t\t<h1 class=\"elementor-heading-title elementor-size-default\">IMPACTO\n<\/h1>\t\t\t\t<\/div>\n\t\t\t\t<\/div>\n\t\t\t\t<\/div>\n\t\t\t\t<\/div>\n\t\t\t\t<section data-particle_enable=\"false\" data-particle-mobile-disabled=\"false\" class=\"elementor-section elementor-top-section elementor-element elementor-element-77daec5f elementor-section-content-middle animated-slow elementor-section-full_width elementor-section-height-default elementor-section-height-default elementor-invisible\" data-id=\"77daec5f\" data-element_type=\"section\" data-settings=\"{&quot;animation&quot;:&quot;slideInRight&quot;}\">\n\t\t\t\t\t\t<div class=\"elementor-container elementor-column-gap-default\">\n\t\t\t\t\t<div class=\"elementor-column elementor-col-100 elementor-top-column elementor-element elementor-element-1948affb\" data-id=\"1948affb\" data-element_type=\"column\">\n\t\t\t<div class=\"elementor-widget-wrap elementor-element-populated\">\n\t\t\t\t\t\t<div class=\"elementor-element elementor-element-3339607 medium-p elementor-widget elementor-widget-text-editor\" data-id=\"3339607\" data-element_type=\"widget\" data-widget_type=\"text-editor.default\">\n\t\t\t\t<div class=\"elementor-widget-container\">\n\t\t\t\t\t\t\t\t\t<p class=\"translation-block\"><span>En <\/span><a href=\"https:\/\/imiinstitute.com\/es\/mission-and-vision\/\" target=\"_self\"><span>IMI<\/span><\/a><span>, creemos que el cambio individual y la falta de autoconsciencia son la ra\u00edz de los problemas globales como la guerra, el hambre, los conflictos pol\u00edticos, la explotaci\u00f3n de los recursos naturales as\u00ed como el sufrimiento individual.<\/span><span> Creemos que la verdadera<\/span><span> y<\/span><span> sostenible prosperidad en el mundo s\u00f3lo puede lograrse mediante el cambio interior de las personas.<\/p><p class=\"translation-block\"><span>Si bien este es nuestro enfoque general, hemos identificado \u00e1reas espec\u00edficas de inter\u00e9s <\/span><span>que <\/span><span>estamos<\/span><span> trabajando<\/span><span> con especialistas <\/span><span>de todo <\/span><span>el mundo.<\/span><\/p>\t\t\t\t\t\t\t\t<\/div>\n\t\t\t\t<\/div>\n\t\t\t\t\t<\/div>\n\t\t<\/div>\n\t\t\t\t\t<\/div>\n\t\t<\/section>\n\t\t<div data-particle_enable=\"false\" data-particle-mobile-disabled=\"false\" class=\"elementor-element elementor-element-358444b e-con-full animated-slow e-flex elementor-invisible e-con e-parent\" data-id=\"358444b\" data-element_type=\"container\" data-settings=\"{&quot;animation&quot;:&quot;slideInRight&quot;}\">\n\t\t\t\t<div class=\"elementor-element elementor-element-45bbf19 elementor-widget elementor-widget-xpro-post-grid\" data-id=\"45bbf19\" data-element_type=\"widget\" data-settings=\"{&quot;item_height&quot;:{&quot;unit&quot;:&quot;px&quot;,&quot;size&quot;:380,&quot;sizes&quot;:[]},&quot;space_between&quot;:{&quot;unit&quot;:&quot;px&quot;,&quot;size&quot;:30,&quot;sizes&quot;:[]},&quot;column_grid&quot;:&quot;3&quot;,&quot;column_grid_tablet&quot;:&quot;2&quot;,&quot;column_grid_mobile&quot;:&quot;1&quot;,&quot;item_height_tablet&quot;:{&quot;unit&quot;:&quot;px&quot;,&quot;size&quot;:&quot;&quot;,&quot;sizes&quot;:[]},&quot;item_height_mobile&quot;:{&quot;unit&quot;:&quot;px&quot;,&quot;size&quot;:&quot;&quot;,&quot;sizes&quot;:[]},&quot;image_height&quot;:{&quot;unit&quot;:&quot;px&quot;,&quot;size&quot;:&quot;&quot;,&quot;sizes&quot;:[]},&quot;image_height_tablet&quot;:{&quot;unit&quot;:&quot;px&quot;,&quot;size&quot;:&quot;&quot;,&quot;sizes&quot;:[]},&quot;image_height_mobile&quot;:{&quot;unit&quot;:&quot;px&quot;,&quot;size&quot;:&quot;&quot;,&quot;sizes&quot;:[]},&quot;space_between_tablet&quot;:{&quot;unit&quot;:&quot;px&quot;,&quot;size&quot;:15,&quot;sizes&quot;:[]},&quot;space_between_mobile&quot;:{&quot;unit&quot;:&quot;px&quot;,&quot;size&quot;:15,&quot;sizes&quot;:[]},&quot;content_height&quot;:{&quot;unit&quot;:&quot;px&quot;,&quot;size&quot;:&quot;&quot;,&quot;sizes&quot;:[]},&quot;content_height_tablet&quot;:{&quot;unit&quot;:&quot;px&quot;,&quot;size&quot;:&quot;&quot;,&quot;sizes&quot;:[]},&quot;content_height_mobile&quot;:{&quot;unit&quot;:&quot;px&quot;,&quot;size&quot;:&quot;&quot;,&quot;sizes&quot;:[]}}\" data-widget_type=\"xpro-post-grid.default\">\n\t\t\t\t<div class=\"elementor-widget-container\">\n\t\t\t\t\t\n\t\t<div class=\"xpro-post-grid-wrapper xpro-post-grid-layout-9\">\n\n\t\t\t\n\t\t\t\t<div class=\"xpro-post-grid-main cbp\">\n\n\t\t\t\t\t\n<div class=\"cbp-item xpro-post-grid-item\">\n\t\t\t<div class=\"xpro-post-grid-image\">\n\t\t\t<img fetchpriority=\"high\" decoding=\"async\" width=\"300\" height=\"212\" src=\"https:\/\/imiinstitute.com\/wp-content\/uploads\/2024\/02\/Image651-300x212.png\" class=\"attachment-medium size-medium\" alt=\"\" srcset=\"https:\/\/imiinstitute.com\/wp-content\/uploads\/2024\/02\/Image651-300x212.png 300w, https:\/\/imiinstitute.com\/wp-content\/uploads\/2024\/02\/Image651-1024x724.png 1024w, https:\/\/imiinstitute.com\/wp-content\/uploads\/2024\/02\/Image651-768x543.png 768w, https:\/\/imiinstitute.com\/wp-content\/uploads\/2024\/02\/Image651-1536x1086.png 1536w, https:\/\/imiinstitute.com\/wp-content\/uploads\/2024\/02\/Image651-600x424.png 600w, https:\/\/imiinstitute.com\/wp-content\/uploads\/2024\/02\/Image651.png 2000w\" sizes=\"(max-width: 300px) 100vw, 300px\" \/>\t\t\t\t\t<\/div>\n\t\n\t<div class=\"xpro-post-grid-content\">\n\n\t\t\n\t\t\n\t\t<a href=\"https:\/\/imiinstitute.com\/es\/politics-inner-management\/\">\n\t\t\t<h2 class=\"xpro-post-grid-title\">Pol\u00edtica y GESTI\u00d3N INTEGRAL DEL CONOCIMIENTO:<\/h2>\n\t\t<\/a>\n\n\t\t\n\t\t\t\t\t<p class=\"xpro-post-grid-excerpt\">El concepto de Pol\u00edtica en la GESTI\u00d3N INTEGRAL DEL CONOCIMIENTO implica la gesti\u00f3n de pensamientos, emociones y acciones para lograr el equilibrio..<\/p>\n\t\t\t\t\t\t\t<a href=\"https:\/\/imiinstitute.com\/es\/politics-inner-management\/\" class=\"xpro-post-grid-btn\">Leer m\u00e1s<\/a>\n\t\t\t\t\n\t\t\n\t<\/div>\n<\/div>\n\n<div class=\"cbp-item xpro-post-grid-item\">\n\t\t\t<div class=\"xpro-post-grid-image\">\n\t\t\t<img decoding=\"async\" width=\"300\" height=\"300\" src=\"https:\/\/imiinstitute.com\/wp-content\/uploads\/2024\/02\/Image16-300x300.png\" class=\"attachment-medium size-medium\" alt=\"\" srcset=\"https:\/\/imiinstitute.com\/wp-content\/uploads\/2024\/02\/Image16-300x300.png 300w, https:\/\/imiinstitute.com\/wp-content\/uploads\/2024\/02\/Image16-1024x1024.png 1024w, https:\/\/imiinstitute.com\/wp-content\/uploads\/2024\/02\/Image16-150x150.png 150w, https:\/\/imiinstitute.com\/wp-content\/uploads\/2024\/02\/Image16-768x768.png 768w, https:\/\/imiinstitute.com\/wp-content\/uploads\/2024\/02\/Image16-400x400.png 400w, https:\/\/imiinstitute.com\/wp-content\/uploads\/2024\/02\/Image16-600x600.png 600w, https:\/\/imiinstitute.com\/wp-content\/uploads\/2024\/02\/Image16-100x100.png 100w, https:\/\/imiinstitute.com\/wp-content\/uploads\/2024\/02\/Image16.png 1080w\" sizes=\"(max-width: 300px) 100vw, 300px\" \/>\t\t\t\t\t<\/div>\n\t\n\t<div class=\"xpro-post-grid-content\">\n\n\t\t\n\t\t\n\t\t<a href=\"https:\/\/imiinstitute.com\/es\/environmental-sustainability-inner-management\/\">\n\t\t\t<h2 class=\"xpro-post-grid-title\">Sostenibilidad ambiental y GESTI\u00d3N INTEGRAL DEL CONOCIMIENTO:<\/h2>\n\t\t<\/a>\n\n\t\t\n\t\t\t\t\t<p class=\"xpro-post-grid-excerpt\">Nos centramos en incorporar pr\u00e1cticas y valores ecol\u00f3gicos desde la GESTI\u00d3N INTEGRAL DEL CONOCIMIENTO en la direcci\u00f3n organizacional, promoviendo la sostenibilidad y minimizando el impacto ambiental..<\/p>\n\t\t\t\t\t\t\t<a href=\"https:\/\/imiinstitute.com\/es\/environmental-sustainability-inner-management\/\" class=\"xpro-post-grid-btn\">Leer m\u00e1s<\/a>\n\t\t\t\t\n\t\t\n\t<\/div>\n<\/div>\n\n<div class=\"cbp-item xpro-post-grid-item\">\n\t\t\t<div class=\"xpro-post-grid-image\">\n\t\t\t<img decoding=\"async\" width=\"300\" height=\"300\" src=\"https:\/\/imiinstitute.com\/wp-content\/uploads\/2024\/02\/replaced-300x300.png\" class=\"attachment-medium size-medium\" alt=\"\" srcset=\"https:\/\/imiinstitute.com\/wp-content\/uploads\/2024\/02\/replaced-300x300.png 300w, https:\/\/imiinstitute.com\/wp-content\/uploads\/2024\/02\/replaced-1024x1024.png 1024w, https:\/\/imiinstitute.com\/wp-content\/uploads\/2024\/02\/replaced-150x150.png 150w, https:\/\/imiinstitute.com\/wp-content\/uploads\/2024\/02\/replaced-768x768.png 768w, https:\/\/imiinstitute.com\/wp-content\/uploads\/2024\/02\/replaced-400x400.png 400w, https:\/\/imiinstitute.com\/wp-content\/uploads\/2024\/02\/replaced-600x600.png 600w, https:\/\/imiinstitute.com\/wp-content\/uploads\/2024\/02\/replaced-100x100.png 100w, https:\/\/imiinstitute.com\/wp-content\/uploads\/2024\/02\/replaced.png 1080w\" sizes=\"(max-width: 300px) 100vw, 300px\" \/>\t\t\t\t\t<\/div>\n\t\n\t<div class=\"xpro-post-grid-content\">\n\n\t\t\n\t\t\n\t\t<a href=\"https:\/\/imiinstitute.com\/es\/social-harmony-inner-management\/\">\n\t\t\t<h2 class=\"xpro-post-grid-title\">Armon\u00eda social y GESTI\u00d3N INTEGRAL DEL CONOCIMIENTO:<\/h2>\n\t\t<\/a>\n\n\t\t\n\t\t\t\t\t<p class=\"xpro-post-grid-excerpt\">La GESTI\u00d3N INTEGRAL DEL CONOCIMIENTO y la armon\u00eda social est\u00e1n interconectadas, comenzando por el conocimiento individual y que nos lleva al bienestar y a la realizaci\u00f3n personal..<\/p>\n\t\t\t\t\t\t\t<a href=\"https:\/\/imiinstitute.com\/es\/social-harmony-inner-management\/\" class=\"xpro-post-grid-btn\">Leer m\u00e1s<\/a>\n\t\t\t\t\n\t\t\n\t<\/div>\n<\/div>\n\n<div class=\"cbp-item xpro-post-grid-item\">\n\t\t\t<div class=\"xpro-post-grid-image\">\n\t\t\t<img loading=\"lazy\" decoding=\"async\" width=\"300\" height=\"212\" src=\"https:\/\/imiinstitute.com\/wp-content\/uploads\/2024\/02\/Image222-300x212.png\" class=\"attachment-medium size-medium\" alt=\"\" srcset=\"https:\/\/imiinstitute.com\/wp-content\/uploads\/2024\/02\/Image222-300x212.png 300w, https:\/\/imiinstitute.com\/wp-content\/uploads\/2024\/02\/Image222-1024x724.png 1024w, https:\/\/imiinstitute.com\/wp-content\/uploads\/2024\/02\/Image222-768x543.png 768w, https:\/\/imiinstitute.com\/wp-content\/uploads\/2024\/02\/Image222-1536x1086.png 1536w, https:\/\/imiinstitute.com\/wp-content\/uploads\/2024\/02\/Image222-600x424.png 600w, https:\/\/imiinstitute.com\/wp-content\/uploads\/2024\/02\/Image222.png 2000w\" sizes=\"(max-width: 300px) 100vw, 300px\" \/>\t\t\t\t\t<\/div>\n\t\n\t<div class=\"xpro-post-grid-content\">\n\n\t\t\n\t\t\n\t\t<a href=\"https:\/\/imiinstitute.com\/es\/individual-growth-inner-management\/\">\n\t\t\t<h2 class=\"xpro-post-grid-title\">Crecimiento individual y la GESTI\u00d3N INTEGRAL DEL CONOCIMIENTO:<\/h2>\n\t\t<\/a>\n\n\t\t\n\t\t\t\t\t<p class=\"xpro-post-grid-excerpt\">Priorizamos el desarrollo personal dentro de las organizaciones, enfoc\u00e1ndonos en potenciar habilidades y fomentar el autoconocimiento a trav\u00e9s de pr\u00e1cticas de gesti\u00f3n efectivas desde la GESTI\u00d3N INTEGRAL DEL CONOCIMIENTO.<\/p>\n\t\t\t\t\t\t\t<a href=\"https:\/\/imiinstitute.com\/es\/individual-growth-inner-management\/\" class=\"xpro-post-grid-btn\">Leer m\u00e1s<\/a>\n\t\t\t\t\n\t\t\n\t<\/div>\n<\/div>\n\n<div class=\"cbp-item xpro-post-grid-item\">\n\t\t\t<div class=\"xpro-post-grid-image\">\n\t\t\t<img loading=\"lazy\" decoding=\"async\" width=\"300\" height=\"300\" src=\"https:\/\/imiinstitute.com\/wp-content\/uploads\/2024\/02\/Image19-300x300.png\" class=\"attachment-medium size-medium\" alt=\"\" srcset=\"https:\/\/imiinstitute.com\/wp-content\/uploads\/2024\/02\/Image19-300x300.png 300w, https:\/\/imiinstitute.com\/wp-content\/uploads\/2024\/02\/Image19-1024x1024.png 1024w, https:\/\/imiinstitute.com\/wp-content\/uploads\/2024\/02\/Image19-150x150.png 150w, https:\/\/imiinstitute.com\/wp-content\/uploads\/2024\/02\/Image19-768x768.png 768w, https:\/\/imiinstitute.com\/wp-content\/uploads\/2024\/02\/Image19-400x400.png 400w, https:\/\/imiinstitute.com\/wp-content\/uploads\/2024\/02\/Image19-600x600.png 600w, https:\/\/imiinstitute.com\/wp-content\/uploads\/2024\/02\/Image19-100x100.png 100w, https:\/\/imiinstitute.com\/wp-content\/uploads\/2024\/02\/Image19.png 1080w\" sizes=\"(max-width: 300px) 100vw, 300px\" \/>\t\t\t\t\t<\/div>\n\t\n\t<div class=\"xpro-post-grid-content\">\n\n\t\t\n\t\t\n\t\t<a href=\"https:\/\/imiinstitute.com\/es\/economics-inner-management\/\">\n\t\t\t<h2 class=\"xpro-post-grid-title\">Econom\u00eda y GESTI\u00d3N INTEGRAL DEL CONOCIMIENTO:<\/h2>\n\t\t<\/a>\n\n\t\t\n\t\t\t\t\t<p class=\"xpro-post-grid-excerpt\">Fusionamos los principios econ\u00f3micos con la toma de decisiones organizacionales, enfoc\u00e1ndonos en la asignaci\u00f3n eficiente de recursos y estrategias financieras para impulsar el \u00e9xito desde la GESTI\u00d3N INTEGRAL DEL CONOCIMIENTO.<\/p>\n\t\t\t\t\t\t\t<a href=\"https:\/\/imiinstitute.com\/es\/economics-inner-management\/\" class=\"xpro-post-grid-btn\">Leer m\u00e1s<\/a>\n\t\t\t\t\n\t\t\n\t<\/div>\n<\/div>\n\n<div class=\"cbp-item xpro-post-grid-item\">\n\t\t\t<div class=\"xpro-post-grid-image\">\n\t\t\t<img loading=\"lazy\" decoding=\"async\" width=\"300\" height=\"212\" src=\"https:\/\/imiinstitute.com\/wp-content\/uploads\/2024\/02\/Image333-300x212.png\" class=\"attachment-medium size-medium\" alt=\"\" srcset=\"https:\/\/imiinstitute.com\/wp-content\/uploads\/2024\/02\/Image333-300x212.png 300w, https:\/\/imiinstitute.com\/wp-content\/uploads\/2024\/02\/Image333-1024x724.png 1024w, https:\/\/imiinstitute.com\/wp-content\/uploads\/2024\/02\/Image333-768x543.png 768w, https:\/\/imiinstitute.com\/wp-content\/uploads\/2024\/02\/Image333-1536x1086.png 1536w, https:\/\/imiinstitute.com\/wp-content\/uploads\/2024\/02\/Image333-600x424.png 600w, https:\/\/imiinstitute.com\/wp-content\/uploads\/2024\/02\/Image333.png 2000w\" sizes=\"(max-width: 300px) 100vw, 300px\" \/>\t\t\t\t\t<\/div>\n\t\n\t<div class=\"xpro-post-grid-content\">\n\n\t\t\n\t\t\n\t\t<a href=\"https:\/\/imiinstitute.com\/es\/world-conflicts-inner-management\/\">\n\t\t\t<h2 class=\"xpro-post-grid-title\">Conflictos mundiales y GESTI\u00d3N INTEGRAL DEL CONOCIMIENTO:<\/h2>\n\t\t<\/a>\n\n\t\t\n\t\t\t\t\t<p class=\"xpro-post-grid-excerpt\">Abordamos la gesti\u00f3n de conflictos internos dentro de las organizaciones en medio de tensiones globales, enfatizando el liderazgo efectivo y la comunicaci\u00f3n para su resoluci\u00f3n y estabilidad desde la GESTI\u00d3N INTEGRAL DEL CONOCIMIENTO.<\/p>\n\t\t\t\t\t\t\t<a href=\"https:\/\/imiinstitute.com\/es\/world-conflicts-inner-management\/\" class=\"xpro-post-grid-btn\">Leer m\u00e1s<\/a>\n\t\t\t\t\n\t\t\n\t<\/div>\n<\/div>\n\n\t\t\t\t<\/div>\n\n\t\t\t\t\n\t\t<\/div>\n\n\t\t\t\t\t\t<\/div>\n\t\t\t\t<\/div>\n\t\t\t\t<\/div>\n\t\t\t\t<\/div>","protected":false},"excerpt":{"rendered":"<p>Our impact At\u00a0IMI, we believe individual change and lack of self-awareness\u00a0is at the root of global\u00a0problems\u00a0such as\u00a0war, famine, political conflict, <\/p>","protected":false},"author":1,"featured_media":0,"parent":0,"menu_order":0,"comment_status":"closed","ping_status":"closed","template":"elementor_header_footer","meta":{"footnotes":""},"class_list":["post-6935","page","type-page","status-publish","hentry"],"acf":[],"_links":{"self":[{"href":"https:\/\/imiinstitute.com\/es\/wp-json\/wp\/v2\/pages\/6935","targetHints":{"allow":["GET"]}}],"collection":[{"href":"https:\/\/imiinstitute.com\/es\/wp-json\/wp\/v2\/pages"}],"about":[{"href":"https:\/\/imiinstitute.com\/es\/wp-json\/wp\/v2\/types\/page"}],"author":[{"embeddable":true,"href":"https:\/\/imiinstitute.com\/es\/wp-json\/wp\/v2\/users\/1"}],"replies":[{"embeddable":true,"href":"https:\/\/imiinstitute.com\/es\/wp-json\/wp\/v2\/comments?post=6935"}],"version-history":[{"count":119,"href":"https:\/\/imiinstitute.com\/es\/wp-json\/wp\/v2\/pages\/6935\/revisions"}],"predecessor-version":[{"id":13218,"href":"https:\/\/imiinstitute.com\/es\/wp-json\/wp\/v2\/pages\/6935\/revisions\/13218"}],"wp:attachment":[{"href":"https:\/\/imiinstitute.com\/es\/wp-json\/wp\/v2\/media?parent=6935"}],"curies":[{"name":"wp","href":"https:\/\/api.w.org\/{rel}","templated":true}]}}