{"id":7006,"date":"2024-02-27T12:20:11","date_gmt":"2024-02-27T12:20:11","guid":{"rendered":"https:\/\/sites-dev.com\/IMI\/?page_id=7006"},"modified":"2024-09-05T10:36:26","modified_gmt":"2024-09-05T10:36:26","slug":"departments","status":"publish","type":"page","link":"https:\/\/imiinstitute.com\/es\/departments\/","title":{"rendered":"Investigaci\u00f3n"},"content":{"rendered":"<div data-elementor-type=\"wp-page\" data-elementor-id=\"7006\" class=\"elementor elementor-7006\" data-elementor-post-type=\"page\">\n\t\t\t\t<div data-particle_enable=\"false\" data-particle-mobile-disabled=\"false\" class=\"elementor-element elementor-element-a378380 e-con-full e-flex e-con e-parent\" data-id=\"a378380\" data-element_type=\"container\" data-settings=\"{&quot;background_background&quot;:&quot;classic&quot;,&quot;xpro_backdrop_filter&quot;:&quot;yes&quot;}\">\n\t\t<div data-particle_enable=\"false\" data-particle-mobile-disabled=\"false\" class=\"elementor-element elementor-element-70dd813 e-con-full e-flex e-con e-child\" data-id=\"70dd813\" data-element_type=\"container\">\n\t\t\t\t<div class=\"elementor-element elementor-element-1dbec99 elementor-widget__width-initial bg-title-initiative elementor-widget elementor-widget-heading\" data-id=\"1dbec99\" data-element_type=\"widget\" data-widget_type=\"heading.default\">\n\t\t\t\t<div class=\"elementor-widget-container\">\n\t\t\t\t\t<h1 class=\"elementor-heading-title elementor-size-default\">Departamento de\n<br>Investigaci\u00f3n<\/h1>\t\t\t\t<\/div>\n\t\t\t\t<\/div>\n\t\t\t\t<\/div>\n\t\t\t\t<\/div>\n\t\t\t\t<section data-particle_enable=\"false\" data-particle-mobile-disabled=\"false\" class=\"elementor-section elementor-top-section elementor-element elementor-element-878eb79 elementor-section-content-middle animated-slow elementor-section-full_width elementor-section-height-default elementor-section-height-default\" data-id=\"878eb79\" data-element_type=\"section\" data-settings=\"{&quot;animation&quot;:&quot;none&quot;}\">\n\t\t\t\t\t\t<div class=\"elementor-container elementor-column-gap-default\">\n\t\t\t\t\t<div class=\"elementor-column elementor-col-100 elementor-top-column elementor-element elementor-element-0cfec7f\" data-id=\"0cfec7f\" data-element_type=\"column\">\n\t\t\t<div class=\"elementor-widget-wrap elementor-element-populated\">\n\t\t\t\t\t\t<div class=\"elementor-element elementor-element-d1e06eb elementor-invisible elementor-widget elementor-widget-heading\" data-id=\"d1e06eb\" data-element_type=\"widget\" data-settings=\"{&quot;_animation&quot;:&quot;slideInUp&quot;}\" data-widget_type=\"heading.default\">\n\t\t\t\t<div class=\"elementor-widget-container\">\n\t\t\t\t\t<h1 class=\"elementor-heading-title elementor-size-default\">Investigaci\u00f3n\n\n<\/h1>\t\t\t\t<\/div>\n\t\t\t\t<\/div>\n\t\t\t\t<div class=\"elementor-element elementor-element-edc94e6 medium-p p-home elementor-invisible elementor-widget elementor-widget-text-editor\" data-id=\"edc94e6\" data-element_type=\"widget\" data-settings=\"{&quot;_animation&quot;:&quot;fadeInUp&quot;}\" data-widget_type=\"text-editor.default\">\n\t\t\t\t<div class=\"elementor-widget-container\">\n\t\t\t\t\t\t\t\t\t<p>Nuestros departamentos de investigaci\u00f3n operan dentro de un ecosistema de colaboraci\u00f3n, aprovechando la experiencia y el liderazgo de profesores senior bien establecidos en sus campos. Estos departamentos prosperan sobre una base de avance acad\u00e9mico y colaboraci\u00f3n pr\u00e1ctica con socios de la industria y las organizaciones. Este modelo no s\u00f3lo enriquece la investigaci\u00f3n realizada, sino que tambi\u00e9n garantiza que los objetivos se ajusten a las necesidades y retos del mundo real. La sinergia entre acad\u00e9micos experimentados y la aportaci\u00f3n din\u00e1mica de las organizaciones asociadas probablemente fomente un entorno de innovaci\u00f3n y resultados impactantes.<\/p><p>El mantenimiento conjunto de la salud cognitiva, emocional y f\u00edsica constituye un enfoque global del bienestar general. Cada uno de estos componentes es crucial, est\u00e1n profundamente interconectados y se influyen mutuamente de forma significativa.<\/p><p>Integrar la salud cognitiva, emocional y f\u00edsica puede proporcionar una base s\u00f3lida para el bienestar general. Por ejemplo, el ejercicio no s\u00f3lo fortalece el cuerpo, sino que tambi\u00e9n mejora el estado de \u00e1nimo y la funci\u00f3n cognitiva. Del mismo modo, la gesti\u00f3n del estr\u00e9s puede aliviar los s\u00edntomas f\u00edsicos asociados al estr\u00e9s cr\u00f3nico, como los dolores de cabeza o la hipertensi\u00f3n, al tiempo que beneficia la salud cognitiva y emocional.<\/p>\t\t\t\t\t\t\t\t<\/div>\n\t\t\t\t<\/div>\n\t\t\t\t\t<\/div>\n\t\t<\/div>\n\t\t\t\t\t<\/div>\n\t\t<\/section>\n\t\t<div data-particle_enable=\"false\" data-particle-mobile-disabled=\"false\" class=\"elementor-element elementor-element-175903d e-con-full animated-slow e-flex e-con e-parent\" data-id=\"175903d\" data-element_type=\"container\" data-settings=\"{&quot;animation&quot;:&quot;none&quot;}\">\n\t\t<div data-particle_enable=\"false\" data-particle-mobile-disabled=\"false\" class=\"elementor-element elementor-element-2e82637 e-con-full e-flex e-con e-child\" data-id=\"2e82637\" data-element_type=\"container\">\n\t\t\t\t<div class=\"elementor-element elementor-element-b1b0836 elementor-widget elementor-widget-image\" data-id=\"b1b0836\" data-element_type=\"widget\" data-settings=\"{&quot;_animation&quot;:&quot;none&quot;}\" data-widget_type=\"image.default\">\n\t\t\t\t<div class=\"elementor-widget-container\">\n\t\t\t\t\t\t\t\t\t\t\t\t\t\t\t<img fetchpriority=\"high\" decoding=\"async\" width=\"640\" height=\"640\" src=\"https:\/\/imiinstitute.com\/wp-content\/uploads\/2024\/03\/Image111-1024x1024.png\" class=\"attachment-large size-large wp-image-7404\" alt=\"\" srcset=\"https:\/\/imiinstitute.com\/wp-content\/uploads\/2024\/03\/Image111-1024x1024.png 1024w, https:\/\/imiinstitute.com\/wp-content\/uploads\/2024\/03\/Image111-300x300.png 300w, https:\/\/imiinstitute.com\/wp-content\/uploads\/2024\/03\/Image111-150x150.png 150w, https:\/\/imiinstitute.com\/wp-content\/uploads\/2024\/03\/Image111-768x768.png 768w, https:\/\/imiinstitute.com\/wp-content\/uploads\/2024\/03\/Image111-400x400.png 400w, https:\/\/imiinstitute.com\/wp-content\/uploads\/2024\/03\/Image111-600x600.png 600w, https:\/\/imiinstitute.com\/wp-content\/uploads\/2024\/03\/Image111-100x100.png 100w, https:\/\/imiinstitute.com\/wp-content\/uploads\/2024\/03\/Image111.png 1080w\" sizes=\"(max-width: 640px) 100vw, 640px\" \/>\t\t\t\t\t\t\t\t\t\t\t\t\t\t\t<\/div>\n\t\t\t\t<\/div>\n\t\t\t\t<div class=\"elementor-element elementor-element-835f9ab elementor-widget elementor-widget-heading\" data-id=\"835f9ab\" data-element_type=\"widget\" data-settings=\"{&quot;_animation&quot;:&quot;none&quot;}\" data-widget_type=\"heading.default\">\n\t\t\t\t<div class=\"elementor-widget-container\">\n\t\t\t\t\t<h2 class=\"elementor-heading-title elementor-size-default\">Salud cognitiva\n<\/h2>\t\t\t\t<\/div>\n\t\t\t\t<\/div>\n\t\t\t\t<div class=\"elementor-element elementor-element-c7dade1 medium-p p-home elementor-invisible elementor-widget elementor-widget-ucaddon_toggle_text_button\" data-id=\"c7dade1\" data-element_type=\"widget\" data-settings=\"{&quot;_animation&quot;:&quot;fadeInUp&quot;}\" data-widget_type=\"ucaddon_toggle_text_button.default\">\n\t\t\t\t<div class=\"elementor-widget-container\">\n\t\t\t\t\t<!-- start Toggle Text Button -->\n\t\t\t<style type=\"text\/css\">\/* widget: Toggle Text Button *\/\n\n#uc_toggle_text_button_elementor_c7dade1 .read_more{\n  text-decoration:none;\n  font-size:14px;\n  color:white;\n  transition:0.3s;\n}\n\n<\/style>\n\n\t\t\t<div id=\"uc_toggle_text_button_elementor_c7dade1\" class=\"toggle_text_button\"> \n  \n  <div class=\"short_txt\"><p><span>significa tener un cerebro y un cuerpo sanos que trabajen juntos para lograr el bienestar general. La salud cognitiva abarca c\u00f3mo pensamos, c\u00f3mo sentimos y qu\u00e9 hacemos.<\/span><\/p><\/div>   \n  <div class=\"long_txt\" style=\"display:none;\"><p><span>significa tener un cerebro y un cuerpo sanos que trabajen juntos para lograr el bienestar general. La salud cognitiva abarca c\u00f3mo pensamos, c\u00f3mo sentimos y qu\u00e9 hacemos.<\/span><\/p><p><span>Una buena salud cognitiva es importante a cualquier edad e incluye concentraci\u00f3n, aprendizaje, formaci\u00f3n y almacenamiento de la memoria, sue\u00f1o de calidad, ejercicio y atenci\u00f3n plena.<\/span><\/p><p><span>Una idea err\u00f3nea muy extendida es que una mala salud cognitiva s\u00f3lo nos afecta en la vejez. Sin embargo, dependemos de un cerebro activo desde la primera infancia, cuando aprendemos y dominamos nuevas habilidades, hasta la edad adulta, cuando necesitamos una cognici\u00f3n sana para crear y almacenar recuerdos, afrontar situaciones estresantes y mantener un sentido de prop\u00f3sito y utilidad en nuestras vidas y relaciones.<\/span><\/p><\/div>  \n  \n  <div style=\"text-align:inherit;\">  \n    <a href=\"javascript:void(0)\" class=\"read_more\">\n      <span class=\"btn_txt_before_click\">Leer m\u00e1s<\/span>\n      <span class=\"btn_txt_after_click\" style=\"display:none;\">Mostrar menos<\/span>\n    <\/a>  \n  <\/div>  \n<\/div>\n\t\t\t<!-- end Toggle Text Button -->\t\t\t\t<\/div>\n\t\t\t\t<\/div>\n\t\t\t\t<\/div>\n\t\t<div data-particle_enable=\"false\" data-particle-mobile-disabled=\"false\" class=\"elementor-element elementor-element-8f65251 e-con-full e-flex e-con e-child\" data-id=\"8f65251\" data-element_type=\"container\">\n\t\t\t\t<div class=\"elementor-element elementor-element-f09eb04 elementor-widget elementor-widget-image\" data-id=\"f09eb04\" data-element_type=\"widget\" data-widget_type=\"image.default\">\n\t\t\t\t<div class=\"elementor-widget-container\">\n\t\t\t\t\t\t\t\t\t\t\t\t\t\t\t<img decoding=\"async\" width=\"640\" height=\"640\" src=\"https:\/\/imiinstitute.com\/wp-content\/uploads\/2024\/03\/Image112-1024x1024.png\" class=\"attachment-large size-large wp-image-7405\" alt=\"\" srcset=\"https:\/\/imiinstitute.com\/wp-content\/uploads\/2024\/03\/Image112-1024x1024.png 1024w, https:\/\/imiinstitute.com\/wp-content\/uploads\/2024\/03\/Image112-300x300.png 300w, https:\/\/imiinstitute.com\/wp-content\/uploads\/2024\/03\/Image112-150x150.png 150w, https:\/\/imiinstitute.com\/wp-content\/uploads\/2024\/03\/Image112-768x768.png 768w, https:\/\/imiinstitute.com\/wp-content\/uploads\/2024\/03\/Image112-400x400.png 400w, https:\/\/imiinstitute.com\/wp-content\/uploads\/2024\/03\/Image112-600x600.png 600w, https:\/\/imiinstitute.com\/wp-content\/uploads\/2024\/03\/Image112-100x100.png 100w, https:\/\/imiinstitute.com\/wp-content\/uploads\/2024\/03\/Image112.png 1080w\" sizes=\"(max-width: 640px) 100vw, 640px\" \/>\t\t\t\t\t\t\t\t\t\t\t\t\t\t\t<\/div>\n\t\t\t\t<\/div>\n\t\t\t\t<div class=\"elementor-element elementor-element-d37046f elementor-widget elementor-widget-heading\" data-id=\"d37046f\" data-element_type=\"widget\" data-settings=\"{&quot;_animation&quot;:&quot;none&quot;}\" data-widget_type=\"heading.default\">\n\t\t\t\t<div class=\"elementor-widget-container\">\n\t\t\t\t\t<h2 class=\"elementor-heading-title elementor-size-default\">Salud emocional<\/h2>\t\t\t\t<\/div>\n\t\t\t\t<\/div>\n\t\t\t\t<div class=\"elementor-element elementor-element-29bfa5b medium-p p-home elementor-invisible elementor-widget elementor-widget-ucaddon_toggle_text_button\" data-id=\"29bfa5b\" data-element_type=\"widget\" data-settings=\"{&quot;_animation&quot;:&quot;fadeInUp&quot;}\" data-widget_type=\"ucaddon_toggle_text_button.default\">\n\t\t\t\t<div class=\"elementor-widget-container\">\n\t\t\t\t\t<!-- start Toggle Text Button -->\n\t\t\t<style type=\"text\/css\">\/* widget: Toggle Text Button *\/\n\n#uc_toggle_text_button_elementor_29bfa5b .read_more{\n  text-decoration:none;\n  font-size:14px;\n  color:white;\n  transition:0.3s;\n}\n\n<\/style>\n\n\t\t\t<div id=\"uc_toggle_text_button_elementor_29bfa5b\" class=\"toggle_text_button\"> \n  \n  <div class=\"short_txt\"><p>es nuestra capacidad para afrontar los acontecimientos de la vida y c\u00f3mo reconocemos las emociones positivas y negativas, as\u00ed como las de los dem\u00e1s.<\/p><\/div>   \n  <div class=\"long_txt\" style=\"display:none;\"><p>es nuestra capacidad para afrontar los acontecimientos de la vida y c\u00f3mo reconocemos las emociones positivas y negativas, as\u00ed como las de los dem\u00e1s.<\/p><p>Las personas emocionalmente sanas pueden controlar su estado de \u00e1nimo y sus sentimientos.<\/p><p>Pueden afrontar los retos de la vida, mantener los problemas en perspectiva y recuperarse de los contratiempos.<\/p><\/div>  \n  \n  <div style=\"text-align:inherit;\">  \n    <a href=\"javascript:void(0)\" class=\"read_more\">\n      <span class=\"btn_txt_before_click\">Leer m\u00e1s<\/span>\n      <span class=\"btn_txt_after_click\" style=\"display:none;\">Mostrar menos<\/span>\n    <\/a>  \n  <\/div>  \n<\/div>\n\t\t\t<!-- end Toggle Text Button -->\t\t\t\t<\/div>\n\t\t\t\t<\/div>\n\t\t\t\t<\/div>\n\t\t<div data-particle_enable=\"false\" data-particle-mobile-disabled=\"false\" class=\"elementor-element elementor-element-8795312 e-con-full e-flex e-con e-child\" data-id=\"8795312\" data-element_type=\"container\">\n\t\t\t\t<div class=\"elementor-element elementor-element-14297f5 elementor-widget elementor-widget-image\" data-id=\"14297f5\" data-element_type=\"widget\" data-widget_type=\"image.default\">\n\t\t\t\t<div class=\"elementor-widget-container\">\n\t\t\t\t\t\t\t\t\t\t\t\t\t\t\t<img decoding=\"async\" width=\"640\" height=\"640\" src=\"https:\/\/imiinstitute.com\/wp-content\/uploads\/2024\/03\/Image113-1024x1024.png\" class=\"attachment-large size-large wp-image-7403\" alt=\"\" srcset=\"https:\/\/imiinstitute.com\/wp-content\/uploads\/2024\/03\/Image113-1024x1024.png 1024w, https:\/\/imiinstitute.com\/wp-content\/uploads\/2024\/03\/Image113-300x300.png 300w, https:\/\/imiinstitute.com\/wp-content\/uploads\/2024\/03\/Image113-150x150.png 150w, https:\/\/imiinstitute.com\/wp-content\/uploads\/2024\/03\/Image113-768x768.png 768w, https:\/\/imiinstitute.com\/wp-content\/uploads\/2024\/03\/Image113-400x400.png 400w, https:\/\/imiinstitute.com\/wp-content\/uploads\/2024\/03\/Image113-600x600.png 600w, https:\/\/imiinstitute.com\/wp-content\/uploads\/2024\/03\/Image113-100x100.png 100w, https:\/\/imiinstitute.com\/wp-content\/uploads\/2024\/03\/Image113.png 1080w\" sizes=\"(max-width: 640px) 100vw, 640px\" \/>\t\t\t\t\t\t\t\t\t\t\t\t\t\t\t<\/div>\n\t\t\t\t<\/div>\n\t\t\t\t<div class=\"elementor-element elementor-element-4e54d9c elementor-widget elementor-widget-heading\" data-id=\"4e54d9c\" data-element_type=\"widget\" data-settings=\"{&quot;_animation&quot;:&quot;none&quot;}\" data-widget_type=\"heading.default\">\n\t\t\t\t<div class=\"elementor-widget-container\">\n\t\t\t\t\t<h2 class=\"elementor-heading-title elementor-size-default\">Salud f\u00edsica\n<\/h2>\t\t\t\t<\/div>\n\t\t\t\t<\/div>\n\t\t\t\t<div class=\"elementor-element elementor-element-9bb5a3a medium-p p-home elementor-invisible elementor-widget elementor-widget-ucaddon_toggle_text_button\" data-id=\"9bb5a3a\" data-element_type=\"widget\" data-settings=\"{&quot;_animation&quot;:&quot;fadeInUp&quot;}\" data-widget_type=\"ucaddon_toggle_text_button.default\">\n\t\t\t\t<div class=\"elementor-widget-container\">\n\t\t\t\t\t<!-- start Toggle Text Button -->\n\t\t\t<style type=\"text\/css\">\/* widget: Toggle Text Button *\/\n\n#uc_toggle_text_button_elementor_9bb5a3a .read_more{\n  text-decoration:none;\n  font-size:14px;\n  color:white;\n  transition:0.3s;\n}\n\n<\/style>\n\n\t\t\t<div id=\"uc_toggle_text_button_elementor_9bb5a3a\" class=\"toggle_text_button\"> \n  \n  <div class=\"short_txt\"><p><span>Se define como el estado de su cuerpo, teniendo en cuenta desde la ausencia de enfermedades hasta su nivel de forma f\u00edsica.<\/span><\/p><p><\/p><\/div>   \n  <div class=\"long_txt\" style=\"display:none;\"><p>Se define como el estado de su cuerpo, teniendo en cuenta desde la ausencia de enfermedades hasta su nivel de forma f\u00edsica.<\/p><p>Es fundamental para el bienestar general y puede verse influida principalmente por el estilo de vida y el entorno. La salud f\u00edsica puede controlarse incorporando a su vida varios aspectos clave.<\/p><p>Entre ellos est\u00e1n un sue\u00f1o de calidad, una buena alimentaci\u00f3n, actividad f\u00edsica regular, buena higiene, relajaci\u00f3n y cuidados preventivos rutinarios.<\/p><\/div>  \n  \n  <div style=\"text-align:inherit;\">  \n    <a href=\"javascript:void(0)\" class=\"read_more\">\n      <span class=\"btn_txt_before_click\">Leer m\u00e1s<\/span>\n      <span class=\"btn_txt_after_click\" style=\"display:none;\">Mostrar menos<\/span>\n    <\/a>  \n  <\/div>  \n<\/div>\n\t\t\t<!-- end Toggle Text Button -->\t\t\t\t<\/div>\n\t\t\t\t<\/div>\n\t\t\t\t<\/div>\n\t\t\t\t<\/div>\n\t\t\t\t<\/div>","protected":false},"excerpt":{"rendered":"<p>Research Departments Departments Our research departments operate within a collaborative ecosystem, drawing on the expertise and leadership of senior professors <\/p>","protected":false},"author":1,"featured_media":0,"parent":0,"menu_order":0,"comment_status":"closed","ping_status":"closed","template":"elementor_header_footer","meta":{"footnotes":""},"class_list":["post-7006","page","type-page","status-publish","hentry"],"acf":[],"_links":{"self":[{"href":"https:\/\/imiinstitute.com\/es\/wp-json\/wp\/v2\/pages\/7006","targetHints":{"allow":["GET"]}}],"collection":[{"href":"https:\/\/imiinstitute.com\/es\/wp-json\/wp\/v2\/pages"}],"about":[{"href":"https:\/\/imiinstitute.com\/es\/wp-json\/wp\/v2\/types\/page"}],"author":[{"embeddable":true,"href":"https:\/\/imiinstitute.com\/es\/wp-json\/wp\/v2\/users\/1"}],"replies":[{"embeddable":true,"href":"https:\/\/imiinstitute.com\/es\/wp-json\/wp\/v2\/comments?post=7006"}],"version-history":[{"count":91,"href":"https:\/\/imiinstitute.com\/es\/wp-json\/wp\/v2\/pages\/7006\/revisions"}],"predecessor-version":[{"id":14220,"href":"https:\/\/imiinstitute.com\/es\/wp-json\/wp\/v2\/pages\/7006\/revisions\/14220"}],"wp:attachment":[{"href":"https:\/\/imiinstitute.com\/es\/wp-json\/wp\/v2\/media?parent=7006"}],"curies":[{"name":"wp","href":"https:\/\/api.w.org\/{rel}","templated":true}]}}