{"id":7030,"date":"2024-02-28T10:29:58","date_gmt":"2024-02-28T10:29:58","guid":{"rendered":"https:\/\/sites-dev.com\/IMI\/?page_id=7030"},"modified":"2024-09-05T10:37:03","modified_gmt":"2024-09-05T10:37:03","slug":"initiatives","status":"publish","type":"page","link":"https:\/\/imiinstitute.com\/es\/initiatives\/","title":{"rendered":"Iniciativas"},"content":{"rendered":"<div data-elementor-type=\"wp-page\" data-elementor-id=\"7030\" class=\"elementor elementor-7030\" data-elementor-post-type=\"page\">\n\t\t\t\t<div data-particle_enable=\"false\" data-particle-mobile-disabled=\"false\" class=\"elementor-element elementor-element-6fd72ad e-con-full e-flex e-con e-parent\" data-id=\"6fd72ad\" data-element_type=\"container\" data-settings=\"{&quot;background_background&quot;:&quot;classic&quot;,&quot;xpro_backdrop_filter&quot;:&quot;yes&quot;}\">\n\t\t<div data-particle_enable=\"false\" data-particle-mobile-disabled=\"false\" class=\"elementor-element elementor-element-d38988b e-con-full e-flex e-con e-child\" data-id=\"d38988b\" data-element_type=\"container\">\n\t\t\t\t<div class=\"elementor-element elementor-element-75aa7d9 elementor-widget__width-initial bg-title-initiative elementor-widget elementor-widget-heading\" data-id=\"75aa7d9\" data-element_type=\"widget\" data-widget_type=\"heading.default\">\n\t\t\t\t<div class=\"elementor-widget-container\">\n\t\t\t\t\t<h1 class=\"elementor-heading-title elementor-size-default\">Iniciativas<\/h1>\t\t\t\t<\/div>\n\t\t\t\t<\/div>\n\t\t\t\t<\/div>\n\t\t\t\t<\/div>\n\t\t<div data-particle_enable=\"false\" data-particle-mobile-disabled=\"false\" class=\"elementor-element elementor-element-72a23bb e-con-full animated-slow e-flex e-con e-parent\" data-id=\"72a23bb\" data-element_type=\"container\" data-settings=\"{&quot;animation&quot;:&quot;none&quot;}\">\n\t\t\t\t<div class=\"elementor-element elementor-element-de9fd22 elementor-grid-3 elementor-grid-tablet-2 elementor-grid-mobile-1 elementor-widget elementor-widget-loop-grid\" data-id=\"de9fd22\" data-element_type=\"widget\" data-settings=\"{&quot;template_id&quot;:11223,&quot;_skin&quot;:&quot;post&quot;,&quot;columns&quot;:&quot;3&quot;,&quot;columns_tablet&quot;:&quot;2&quot;,&quot;columns_mobile&quot;:&quot;1&quot;,&quot;edit_handle_selector&quot;:&quot;[data-elementor-type=\\&quot;loop-item\\&quot;]&quot;,&quot;row_gap&quot;:{&quot;unit&quot;:&quot;px&quot;,&quot;size&quot;:&quot;&quot;,&quot;sizes&quot;:[]},&quot;row_gap_tablet&quot;:{&quot;unit&quot;:&quot;px&quot;,&quot;size&quot;:&quot;&quot;,&quot;sizes&quot;:[]},&quot;row_gap_mobile&quot;:{&quot;unit&quot;:&quot;px&quot;,&quot;size&quot;:&quot;&quot;,&quot;sizes&quot;:[]}}\" data-widget_type=\"loop-grid.post\">\n\t\t\t\t<div class=\"elementor-widget-container\">\n\t\t\t\t\t\t\t<div class=\"elementor-loop-container elementor-grid\" role=\"list\">\n\t\t<style id=\"loop-11223\">.elementor-11223 .elementor-element.elementor-element-5acf431{--display:flex;--flex-direction:column;--container-widget-width:100%;--container-widget-height:initial;--container-widget-flex-grow:0;--container-widget-align-self:initial;--flex-wrap-mobile:wrap;--justify-content:space-between;--border-radius:15px 15px 15px 15px;box-shadow:0px 0px 40px -20px rgba(0,0,0,0.5);--padding-top:20px;--padding-bottom:20px;--padding-left:20px;--padding-right:20px;}.elementor-11223 .elementor-element.elementor-element-990890d > .elementor-widget-container{margin:0px 0px 0px 0px;}.elementor-11223 .elementor-element.elementor-element-990890d.xpro-widget-bg-overlay:before{transition:background 0.3s;}.elementor-11223 .elementor-element.elementor-element-990890d img{height:300px;object-fit:cover;object-position:center center;border-radius:15px 15px 15px 15px;}.elementor-11223 .elementor-element.elementor-element-2150b8b.xpro-widget-bg-overlay:before{transition:background 0.3s;}.elementor-11223 .elementor-element.elementor-element-2150b8b .elementor-heading-title{font-weight:700;line-height:30px;}.elementor-11223 .elementor-element.elementor-element-92b25bb .elementor-button{background-color:var( --e-global-color-58abd0a );font-family:\"Montserrat\", Sans-serif;font-size:20px;font-weight:400;border-radius:10px 10px 10px 10px;padding:15px 20px 15px 20px;}.elementor-11223 .elementor-element.elementor-element-92b25bb .elementor-button:hover, .elementor-11223 .elementor-element.elementor-element-92b25bb .elementor-button:focus{background-color:var( --e-global-color-34b3b30f );}.elementor-11223 .elementor-element.elementor-element-92b25bb.elementor-element{--order:99999 \/* order end hack *\/;}.elementor-11223 .elementor-element.elementor-element-92b25bb.xpro-widget-bg-overlay:before{transition:background 0.3s;}@media(max-width:767px){.elementor-11223 .elementor-element.elementor-element-2150b8b .elementor-heading-title{font-size:20px;line-height:30px;}}\/* Start custom CSS for heading, class: .elementor-element-2150b8b *\/.elementor-element-72a23bb h2 a:hover{\n    color: #00b7bf !important;\n}\/* End custom CSS *\/<\/style>\t\t<div data-elementor-type=\"loop-item\" data-elementor-id=\"11223\" class=\"elementor elementor-11223 e-loop-item e-loop-item-7549 post-7549 initiatives_post type-initiatives_post status-publish has-post-thumbnail hentry category-initiatives\" data-elementor-post-type=\"elementor_library\" data-custom-edit-handle=\"1\">\n\t\t\t<div data-particle_enable=\"false\" data-particle-mobile-disabled=\"false\" class=\"elementor-element elementor-element-5acf431 e-flex e-con-boxed e-con e-parent\" data-id=\"5acf431\" data-element_type=\"container\">\n\t\t\t\t\t<div class=\"e-con-inner\">\n\t\t\t\t<div class=\"elementor-element elementor-element-990890d elementor-widget elementor-widget-image\" data-id=\"990890d\" data-element_type=\"widget\" data-widget_type=\"image.default\">\n\t\t\t\t<div class=\"elementor-widget-container\">\n\t\t\t\t\t\t\t\t\t\t\t\t\t\t\t<img fetchpriority=\"high\" decoding=\"async\" width=\"1890\" height=\"1080\" src=\"https:\/\/imiinstitute.com\/wp-content\/uploads\/2024\/03\/Image7.jpg\" class=\"attachment-2048x2048 size-2048x2048 wp-image-8212\" alt=\"\" srcset=\"https:\/\/imiinstitute.com\/wp-content\/uploads\/2024\/03\/Image7.jpg 1890w, https:\/\/imiinstitute.com\/wp-content\/uploads\/2024\/03\/Image7-300x171.jpg 300w, https:\/\/imiinstitute.com\/wp-content\/uploads\/2024\/03\/Image7-1024x585.jpg 1024w, https:\/\/imiinstitute.com\/wp-content\/uploads\/2024\/03\/Image7-768x439.jpg 768w, https:\/\/imiinstitute.com\/wp-content\/uploads\/2024\/03\/Image7-1536x878.jpg 1536w, https:\/\/imiinstitute.com\/wp-content\/uploads\/2024\/03\/Image7-600x343.jpg 600w\" sizes=\"(max-width: 1890px) 100vw, 1890px\" \/>\t\t\t\t\t\t\t\t\t\t\t\t\t\t\t<\/div>\n\t\t\t\t<\/div>\n\t\t\t\t<div class=\"elementor-element elementor-element-2150b8b elementor-widget elementor-widget-heading\" data-id=\"2150b8b\" data-element_type=\"widget\" data-widget_type=\"heading.default\">\n\t\t\t\t<div class=\"elementor-widget-container\">\n\t\t\t\t\t<h2 class=\"elementor-heading-title elementor-size-default\"><a href=\"https:\/\/imiinstitute.com\/es\/initiatives_post\/inner-management-as-a-tool-to-manage-cronic-stress\/\">La Gesti\u00f3n Integral del Conocimiento como m\u00e9todo de aprendizaje para gestionar el estr\u00e9s cr\u00f3nico con el fin de evitar las enfermedades asociadas<\/a><\/h2>\t\t\t\t<\/div>\n\t\t\t\t<\/div>\n\t\t\t\t<div class=\"elementor-element elementor-element-92b25bb elementor-widget elementor-widget-button\" data-id=\"92b25bb\" data-element_type=\"widget\" data-widget_type=\"button.default\">\n\t\t\t\t<div class=\"elementor-widget-container\">\n\t\t\t\t\t\t\t\t\t<div class=\"elementor-button-wrapper\">\n\t\t\t\t\t<a class=\"elementor-button elementor-button-link elementor-size-sm\" href=\"https:\/\/imiinstitute.com\/es\/initiatives_post\/inner-management-as-a-tool-to-manage-cronic-stress\/\">\n\t\t\t\t\t\t<span class=\"elementor-button-content-wrapper\">\n\t\t\t\t\t\t\t\t\t<span class=\"elementor-button-text\">Leer m\u00e1s<\/span>\n\t\t\t\t\t<\/span>\n\t\t\t\t\t<\/a>\n\t\t\t\t<\/div>\n\t\t\t\t\t\t\t\t<\/div>\n\t\t\t\t<\/div>\n\t\t\t\t\t<\/div>\n\t\t\t\t<\/div>\n\t\t\t\t<\/div>\n\t\t\t\t<div data-elementor-type=\"loop-item\" data-elementor-id=\"11223\" class=\"elementor elementor-11223 e-loop-item e-loop-item-7575 post-7575 initiatives_post type-initiatives_post status-publish has-post-thumbnail hentry category-initiatives\" data-elementor-post-type=\"elementor_library\" data-custom-edit-handle=\"1\">\n\t\t\t<div data-particle_enable=\"false\" data-particle-mobile-disabled=\"false\" class=\"elementor-element elementor-element-5acf431 e-flex e-con-boxed e-con e-parent\" data-id=\"5acf431\" data-element_type=\"container\">\n\t\t\t\t\t<div class=\"e-con-inner\">\n\t\t\t\t<div class=\"elementor-element elementor-element-990890d elementor-widget elementor-widget-image\" data-id=\"990890d\" data-element_type=\"widget\" data-widget_type=\"image.default\">\n\t\t\t\t<div class=\"elementor-widget-container\">\n\t\t\t\t\t\t\t\t\t\t\t\t\t\t\t<img decoding=\"async\" width=\"1980\" height=\"1080\" src=\"https:\/\/imiinstitute.com\/wp-content\/uploads\/2024\/03\/Image236.jpg\" class=\"attachment-2048x2048 size-2048x2048 wp-image-8345\" alt=\"\" srcset=\"https:\/\/imiinstitute.com\/wp-content\/uploads\/2024\/03\/Image236.jpg 1980w, https:\/\/imiinstitute.com\/wp-content\/uploads\/2024\/03\/Image236-300x164.jpg 300w, https:\/\/imiinstitute.com\/wp-content\/uploads\/2024\/03\/Image236-1024x559.jpg 1024w, https:\/\/imiinstitute.com\/wp-content\/uploads\/2024\/03\/Image236-768x419.jpg 768w, https:\/\/imiinstitute.com\/wp-content\/uploads\/2024\/03\/Image236-1536x838.jpg 1536w, https:\/\/imiinstitute.com\/wp-content\/uploads\/2024\/03\/Image236-600x327.jpg 600w\" sizes=\"(max-width: 1980px) 100vw, 1980px\" \/>\t\t\t\t\t\t\t\t\t\t\t\t\t\t\t<\/div>\n\t\t\t\t<\/div>\n\t\t\t\t<div class=\"elementor-element elementor-element-2150b8b elementor-widget elementor-widget-heading\" data-id=\"2150b8b\" data-element_type=\"widget\" data-widget_type=\"heading.default\">\n\t\t\t\t<div class=\"elementor-widget-container\">\n\t\t\t\t\t<h2 class=\"elementor-heading-title elementor-size-default\"><a href=\"https:\/\/imiinstitute.com\/es\/initiatives_post\/how-inner-management-can-help-senior-leaders-of-any-organization-to-choose-for-the-right-inclusion-and-diversity\/\">C\u00f3mo La Gesti\u00f3n Integral del Conocimiento puede ayudar a los altos directivos de cualquier organizaci\u00f3n a tomar las decisiones correctas en materia de inclusi\u00f3n y diversidad<\/a><\/h2>\t\t\t\t<\/div>\n\t\t\t\t<\/div>\n\t\t\t\t<div class=\"elementor-element elementor-element-92b25bb elementor-widget elementor-widget-button\" data-id=\"92b25bb\" data-element_type=\"widget\" data-widget_type=\"button.default\">\n\t\t\t\t<div class=\"elementor-widget-container\">\n\t\t\t\t\t\t\t\t\t<div class=\"elementor-button-wrapper\">\n\t\t\t\t\t<a class=\"elementor-button elementor-button-link elementor-size-sm\" href=\"https:\/\/imiinstitute.com\/es\/initiatives_post\/how-inner-management-can-help-senior-leaders-of-any-organization-to-choose-for-the-right-inclusion-and-diversity\/\">\n\t\t\t\t\t\t<span class=\"elementor-button-content-wrapper\">\n\t\t\t\t\t\t\t\t\t<span class=\"elementor-button-text\">Leer m\u00e1s<\/span>\n\t\t\t\t\t<\/span>\n\t\t\t\t\t<\/a>\n\t\t\t\t<\/div>\n\t\t\t\t\t\t\t\t<\/div>\n\t\t\t\t<\/div>\n\t\t\t\t\t<\/div>\n\t\t\t\t<\/div>\n\t\t\t\t<\/div>\n\t\t\t\t<div data-elementor-type=\"loop-item\" data-elementor-id=\"11223\" class=\"elementor elementor-11223 e-loop-item e-loop-item-7579 post-7579 initiatives_post type-initiatives_post status-publish has-post-thumbnail hentry category-initiatives\" data-elementor-post-type=\"elementor_library\" data-custom-edit-handle=\"1\">\n\t\t\t<div data-particle_enable=\"false\" data-particle-mobile-disabled=\"false\" class=\"elementor-element elementor-element-5acf431 e-flex e-con-boxed e-con e-parent\" data-id=\"5acf431\" data-element_type=\"container\">\n\t\t\t\t\t<div class=\"e-con-inner\">\n\t\t\t\t<div class=\"elementor-element elementor-element-990890d elementor-widget elementor-widget-image\" data-id=\"990890d\" data-element_type=\"widget\" data-widget_type=\"image.default\">\n\t\t\t\t<div class=\"elementor-widget-container\">\n\t\t\t\t\t\t\t\t\t\t\t\t\t\t\t<img decoding=\"async\" width=\"1890\" height=\"1080\" src=\"https:\/\/imiinstitute.com\/wp-content\/uploads\/2024\/03\/Image4444.jpg\" class=\"attachment-2048x2048 size-2048x2048 wp-image-8456\" alt=\"\" srcset=\"https:\/\/imiinstitute.com\/wp-content\/uploads\/2024\/03\/Image4444.jpg 1890w, https:\/\/imiinstitute.com\/wp-content\/uploads\/2024\/03\/Image4444-300x171.jpg 300w, https:\/\/imiinstitute.com\/wp-content\/uploads\/2024\/03\/Image4444-1024x585.jpg 1024w, https:\/\/imiinstitute.com\/wp-content\/uploads\/2024\/03\/Image4444-768x439.jpg 768w, https:\/\/imiinstitute.com\/wp-content\/uploads\/2024\/03\/Image4444-1536x878.jpg 1536w, https:\/\/imiinstitute.com\/wp-content\/uploads\/2024\/03\/Image4444-600x343.jpg 600w\" sizes=\"(max-width: 1890px) 100vw, 1890px\" \/>\t\t\t\t\t\t\t\t\t\t\t\t\t\t\t<\/div>\n\t\t\t\t<\/div>\n\t\t\t\t<div class=\"elementor-element elementor-element-2150b8b elementor-widget elementor-widget-heading\" data-id=\"2150b8b\" data-element_type=\"widget\" data-widget_type=\"heading.default\">\n\t\t\t\t<div class=\"elementor-widget-container\">\n\t\t\t\t\t<h2 class=\"elementor-heading-title elementor-size-default\"><a href=\"https:\/\/imiinstitute.com\/es\/initiatives_post\/impact-of-inner-managment-or-conscious-coaching-in-the-school-and-family-environment-for-the-prevention-of-bullying\/\">El impacto de la Gesti\u00f3n integral del Conocimiento o coaching consciente en entornos escolares y familiares para prevenir el acoso escolar es significativo<\/a><\/h2>\t\t\t\t<\/div>\n\t\t\t\t<\/div>\n\t\t\t\t<div class=\"elementor-element elementor-element-92b25bb elementor-widget elementor-widget-button\" data-id=\"92b25bb\" data-element_type=\"widget\" data-widget_type=\"button.default\">\n\t\t\t\t<div class=\"elementor-widget-container\">\n\t\t\t\t\t\t\t\t\t<div class=\"elementor-button-wrapper\">\n\t\t\t\t\t<a class=\"elementor-button elementor-button-link elementor-size-sm\" href=\"https:\/\/imiinstitute.com\/es\/initiatives_post\/impact-of-inner-managment-or-conscious-coaching-in-the-school-and-family-environment-for-the-prevention-of-bullying\/\">\n\t\t\t\t\t\t<span class=\"elementor-button-content-wrapper\">\n\t\t\t\t\t\t\t\t\t<span class=\"elementor-button-text\">Leer m\u00e1s<\/span>\n\t\t\t\t\t<\/span>\n\t\t\t\t\t<\/a>\n\t\t\t\t<\/div>\n\t\t\t\t\t\t\t\t<\/div>\n\t\t\t\t<\/div>\n\t\t\t\t\t<\/div>\n\t\t\t\t<\/div>\n\t\t\t\t<\/div>\n\t\t\t\t<div data-elementor-type=\"loop-item\" data-elementor-id=\"11223\" class=\"elementor elementor-11223 e-loop-item e-loop-item-7582 post-7582 initiatives_post type-initiatives_post status-publish has-post-thumbnail hentry category-initiatives\" data-elementor-post-type=\"elementor_library\" data-custom-edit-handle=\"1\">\n\t\t\t<div data-particle_enable=\"false\" data-particle-mobile-disabled=\"false\" class=\"elementor-element elementor-element-5acf431 e-flex e-con-boxed e-con e-parent\" data-id=\"5acf431\" data-element_type=\"container\">\n\t\t\t\t\t<div class=\"e-con-inner\">\n\t\t\t\t<div class=\"elementor-element elementor-element-990890d elementor-widget elementor-widget-image\" data-id=\"990890d\" data-element_type=\"widget\" data-widget_type=\"image.default\">\n\t\t\t\t<div class=\"elementor-widget-container\">\n\t\t\t\t\t\t\t\t\t\t\t\t\t\t\t<img loading=\"lazy\" decoding=\"async\" width=\"1890\" height=\"1080\" src=\"https:\/\/imiinstitute.com\/wp-content\/uploads\/2024\/03\/Image555.jpg\" class=\"attachment-2048x2048 size-2048x2048 wp-image-8458\" alt=\"\" srcset=\"https:\/\/imiinstitute.com\/wp-content\/uploads\/2024\/03\/Image555.jpg 1890w, https:\/\/imiinstitute.com\/wp-content\/uploads\/2024\/03\/Image555-300x171.jpg 300w, https:\/\/imiinstitute.com\/wp-content\/uploads\/2024\/03\/Image555-1024x585.jpg 1024w, https:\/\/imiinstitute.com\/wp-content\/uploads\/2024\/03\/Image555-768x439.jpg 768w, https:\/\/imiinstitute.com\/wp-content\/uploads\/2024\/03\/Image555-1536x878.jpg 1536w, https:\/\/imiinstitute.com\/wp-content\/uploads\/2024\/03\/Image555-600x343.jpg 600w\" sizes=\"(max-width: 1890px) 100vw, 1890px\" \/>\t\t\t\t\t\t\t\t\t\t\t\t\t\t\t<\/div>\n\t\t\t\t<\/div>\n\t\t\t\t<div class=\"elementor-element elementor-element-2150b8b elementor-widget elementor-widget-heading\" data-id=\"2150b8b\" data-element_type=\"widget\" data-widget_type=\"heading.default\">\n\t\t\t\t<div class=\"elementor-widget-container\">\n\t\t\t\t\t<h2 class=\"elementor-heading-title elementor-size-default\"><a href=\"https:\/\/imiinstitute.com\/es\/initiatives_post\/consciousness-in-inner-management-acts-as-a-catalyst-for-transforming-weaknesses-into-strengths-in-the-business-world\/\">Empoderando a las empresas a trav\u00e9s de la Gesti\u00f3n Integral del Conocimiento: Una estrategia para convertir las Debilidades en Fortalezas<\/a><\/h2>\t\t\t\t<\/div>\n\t\t\t\t<\/div>\n\t\t\t\t<div class=\"elementor-element elementor-element-92b25bb elementor-widget elementor-widget-button\" data-id=\"92b25bb\" data-element_type=\"widget\" data-widget_type=\"button.default\">\n\t\t\t\t<div class=\"elementor-widget-container\">\n\t\t\t\t\t\t\t\t\t<div class=\"elementor-button-wrapper\">\n\t\t\t\t\t<a class=\"elementor-button elementor-button-link elementor-size-sm\" href=\"https:\/\/imiinstitute.com\/es\/initiatives_post\/consciousness-in-inner-management-acts-as-a-catalyst-for-transforming-weaknesses-into-strengths-in-the-business-world\/\">\n\t\t\t\t\t\t<span class=\"elementor-button-content-wrapper\">\n\t\t\t\t\t\t\t\t\t<span class=\"elementor-button-text\">Leer m\u00e1s<\/span>\n\t\t\t\t\t<\/span>\n\t\t\t\t\t<\/a>\n\t\t\t\t<\/div>\n\t\t\t\t\t\t\t\t<\/div>\n\t\t\t\t<\/div>\n\t\t\t\t\t<\/div>\n\t\t\t\t<\/div>\n\t\t\t\t<\/div>\n\t\t\t\t<div data-elementor-type=\"loop-item\" data-elementor-id=\"11223\" class=\"elementor elementor-11223 e-loop-item e-loop-item-7584 post-7584 initiatives_post type-initiatives_post status-publish has-post-thumbnail hentry category-initiatives\" data-elementor-post-type=\"elementor_library\" data-custom-edit-handle=\"1\">\n\t\t\t<div data-particle_enable=\"false\" data-particle-mobile-disabled=\"false\" class=\"elementor-element elementor-element-5acf431 e-flex e-con-boxed e-con e-parent\" data-id=\"5acf431\" data-element_type=\"container\">\n\t\t\t\t\t<div class=\"e-con-inner\">\n\t\t\t\t<div class=\"elementor-element elementor-element-990890d elementor-widget elementor-widget-image\" data-id=\"990890d\" data-element_type=\"widget\" data-widget_type=\"image.default\">\n\t\t\t\t<div class=\"elementor-widget-container\">\n\t\t\t\t\t\t\t\t\t\t\t\t\t\t\t<img loading=\"lazy\" decoding=\"async\" width=\"1890\" height=\"1080\" src=\"https:\/\/imiinstitute.com\/wp-content\/uploads\/2024\/03\/Image6666.jpg\" class=\"attachment-2048x2048 size-2048x2048 wp-image-8459\" alt=\"\" srcset=\"https:\/\/imiinstitute.com\/wp-content\/uploads\/2024\/03\/Image6666.jpg 1890w, https:\/\/imiinstitute.com\/wp-content\/uploads\/2024\/03\/Image6666-300x171.jpg 300w, https:\/\/imiinstitute.com\/wp-content\/uploads\/2024\/03\/Image6666-1024x585.jpg 1024w, https:\/\/imiinstitute.com\/wp-content\/uploads\/2024\/03\/Image6666-768x439.jpg 768w, https:\/\/imiinstitute.com\/wp-content\/uploads\/2024\/03\/Image6666-1536x878.jpg 1536w, https:\/\/imiinstitute.com\/wp-content\/uploads\/2024\/03\/Image6666-600x343.jpg 600w\" sizes=\"(max-width: 1890px) 100vw, 1890px\" \/>\t\t\t\t\t\t\t\t\t\t\t\t\t\t\t<\/div>\n\t\t\t\t<\/div>\n\t\t\t\t<div class=\"elementor-element elementor-element-2150b8b elementor-widget elementor-widget-heading\" data-id=\"2150b8b\" data-element_type=\"widget\" data-widget_type=\"heading.default\">\n\t\t\t\t<div class=\"elementor-widget-container\">\n\t\t\t\t\t<h2 class=\"elementor-heading-title elementor-size-default\"><a href=\"https:\/\/imiinstitute.com\/es\/initiatives_post\/inner-management-its-effects-in-individual-and-team-sports\/\">Gesti\u00f3n Integral del Conocimiento: sus efectos en los deportes individuales y de equipo<\/a><\/h2>\t\t\t\t<\/div>\n\t\t\t\t<\/div>\n\t\t\t\t<div class=\"elementor-element elementor-element-92b25bb elementor-widget elementor-widget-button\" data-id=\"92b25bb\" data-element_type=\"widget\" data-widget_type=\"button.default\">\n\t\t\t\t<div class=\"elementor-widget-container\">\n\t\t\t\t\t\t\t\t\t<div class=\"elementor-button-wrapper\">\n\t\t\t\t\t<a class=\"elementor-button elementor-button-link elementor-size-sm\" href=\"https:\/\/imiinstitute.com\/es\/initiatives_post\/inner-management-its-effects-in-individual-and-team-sports\/\">\n\t\t\t\t\t\t<span class=\"elementor-button-content-wrapper\">\n\t\t\t\t\t\t\t\t\t<span class=\"elementor-button-text\">Leer m\u00e1s<\/span>\n\t\t\t\t\t<\/span>\n\t\t\t\t\t<\/a>\n\t\t\t\t<\/div>\n\t\t\t\t\t\t\t\t<\/div>\n\t\t\t\t<\/div>\n\t\t\t\t\t<\/div>\n\t\t\t\t<\/div>\n\t\t\t\t<\/div>\n\t\t\t\t<div data-elementor-type=\"loop-item\" data-elementor-id=\"11223\" class=\"elementor elementor-11223 e-loop-item e-loop-item-8522 post-8522 initiatives_post type-initiatives_post status-publish has-post-thumbnail hentry category-initiatives\" data-elementor-post-type=\"elementor_library\" data-custom-edit-handle=\"1\">\n\t\t\t<div data-particle_enable=\"false\" data-particle-mobile-disabled=\"false\" class=\"elementor-element elementor-element-5acf431 e-flex e-con-boxed e-con e-parent\" data-id=\"5acf431\" data-element_type=\"container\">\n\t\t\t\t\t<div class=\"e-con-inner\">\n\t\t\t\t<div class=\"elementor-element elementor-element-990890d elementor-widget elementor-widget-image\" data-id=\"990890d\" data-element_type=\"widget\" data-widget_type=\"image.default\">\n\t\t\t\t<div class=\"elementor-widget-container\">\n\t\t\t\t\t\t\t\t\t\t\t\t\t\t\t<img loading=\"lazy\" decoding=\"async\" width=\"1890\" height=\"1080\" src=\"https:\/\/imiinstitute.com\/wp-content\/uploads\/2024\/04\/Image888.jpg\" class=\"attachment-2048x2048 size-2048x2048 wp-image-8523\" alt=\"\" srcset=\"https:\/\/imiinstitute.com\/wp-content\/uploads\/2024\/04\/Image888.jpg 1890w, https:\/\/imiinstitute.com\/wp-content\/uploads\/2024\/04\/Image888-300x171.jpg 300w, https:\/\/imiinstitute.com\/wp-content\/uploads\/2024\/04\/Image888-1024x585.jpg 1024w, https:\/\/imiinstitute.com\/wp-content\/uploads\/2024\/04\/Image888-768x439.jpg 768w, https:\/\/imiinstitute.com\/wp-content\/uploads\/2024\/04\/Image888-1536x878.jpg 1536w, https:\/\/imiinstitute.com\/wp-content\/uploads\/2024\/04\/Image888-600x343.jpg 600w\" sizes=\"(max-width: 1890px) 100vw, 1890px\" \/>\t\t\t\t\t\t\t\t\t\t\t\t\t\t\t<\/div>\n\t\t\t\t<\/div>\n\t\t\t\t<div class=\"elementor-element elementor-element-2150b8b elementor-widget elementor-widget-heading\" data-id=\"2150b8b\" data-element_type=\"widget\" data-widget_type=\"heading.default\">\n\t\t\t\t<div class=\"elementor-widget-container\">\n\t\t\t\t\t<h2 class=\"elementor-heading-title elementor-size-default\"><a href=\"https:\/\/imiinstitute.com\/es\/initiatives_post\/what-are-the-components-of-the-teachers-inner-knowledge-that-influence-and-favour-the-quality-of-teaching-in-schools-and-universities\/\">\u00bfCu\u00e1les son los componentes del conocimiento interno de los profesores que influyen y favorecen la calidad de la ense\u00f1anza en las escuelas y universidades?<\/a><\/h2>\t\t\t\t<\/div>\n\t\t\t\t<\/div>\n\t\t\t\t<div class=\"elementor-element elementor-element-92b25bb elementor-widget elementor-widget-button\" data-id=\"92b25bb\" data-element_type=\"widget\" data-widget_type=\"button.default\">\n\t\t\t\t<div class=\"elementor-widget-container\">\n\t\t\t\t\t\t\t\t\t<div class=\"elementor-button-wrapper\">\n\t\t\t\t\t<a class=\"elementor-button elementor-button-link elementor-size-sm\" href=\"https:\/\/imiinstitute.com\/es\/initiatives_post\/what-are-the-components-of-the-teachers-inner-knowledge-that-influence-and-favour-the-quality-of-teaching-in-schools-and-universities\/\">\n\t\t\t\t\t\t<span class=\"elementor-button-content-wrapper\">\n\t\t\t\t\t\t\t\t\t<span class=\"elementor-button-text\">Leer m\u00e1s<\/span>\n\t\t\t\t\t<\/span>\n\t\t\t\t\t<\/a>\n\t\t\t\t<\/div>\n\t\t\t\t\t\t\t\t<\/div>\n\t\t\t\t<\/div>\n\t\t\t\t\t<\/div>\n\t\t\t\t<\/div>\n\t\t\t\t<\/div>\n\t\t\t\t<\/div>\n\t\t\n\t\t\t\t\t\t<\/div>\n\t\t\t\t<\/div>\n\t\t\t\t<\/div>\n\t\t\t\t<\/div>","protected":false},"excerpt":{"rendered":"<p>Iniciativas<\/p>","protected":false},"author":1,"featured_media":0,"parent":0,"menu_order":0,"comment_status":"closed","ping_status":"closed","template":"elementor_header_footer","meta":{"footnotes":""},"class_list":["post-7030","page","type-page","status-publish","hentry"],"acf":[],"_links":{"self":[{"href":"https:\/\/imiinstitute.com\/es\/wp-json\/wp\/v2\/pages\/7030","targetHints":{"allow":["GET"]}}],"collection":[{"href":"https:\/\/imiinstitute.com\/es\/wp-json\/wp\/v2\/pages"}],"about":[{"href":"https:\/\/imiinstitute.com\/es\/wp-json\/wp\/v2\/types\/page"}],"author":[{"embeddable":true,"href":"https:\/\/imiinstitute.com\/es\/wp-json\/wp\/v2\/users\/1"}],"replies":[{"embeddable":true,"href":"https:\/\/imiinstitute.com\/es\/wp-json\/wp\/v2\/comments?post=7030"}],"version-history":[{"count":77,"href":"https:\/\/imiinstitute.com\/es\/wp-json\/wp\/v2\/pages\/7030\/revisions"}],"predecessor-version":[{"id":11743,"href":"https:\/\/imiinstitute.com\/es\/wp-json\/wp\/v2\/pages\/7030\/revisions\/11743"}],"wp:attachment":[{"href":"https:\/\/imiinstitute.com\/es\/wp-json\/wp\/v2\/media?parent=7030"}],"curies":[{"name":"wp","href":"https:\/\/api.w.org\/{rel}","templated":true}]}}