{"id":7120,"date":"2024-03-06T10:49:09","date_gmt":"2024-03-06T10:49:09","guid":{"rendered":"https:\/\/sites-dev.com\/IMI\/?page_id=7120"},"modified":"2024-10-24T22:22:13","modified_gmt":"2024-10-24T22:22:13","slug":"coaching-and-mentoring","status":"publish","type":"page","link":"https:\/\/imiinstitute.com\/es\/coaching-and-mentoring\/","title":{"rendered":"Coaching and mentoring"},"content":{"rendered":"<div data-elementor-type=\"wp-page\" data-elementor-id=\"7120\" class=\"elementor elementor-7120\" data-elementor-post-type=\"page\">\n\t\t\t\t<div data-particle_enable=\"false\" data-particle-mobile-disabled=\"false\" class=\"elementor-element elementor-element-2dde90f4 e-con-full e-flex e-con e-parent\" data-id=\"2dde90f4\" data-element_type=\"container\" data-settings=\"{&quot;background_background&quot;:&quot;classic&quot;,&quot;xpro_backdrop_filter&quot;:&quot;yes&quot;}\">\n\t\t<div data-particle_enable=\"false\" data-particle-mobile-disabled=\"false\" class=\"elementor-element elementor-element-47d192be e-con-full e-flex e-con e-child\" data-id=\"47d192be\" data-element_type=\"container\">\n\t\t\t\t<div class=\"elementor-element elementor-element-55d69fd5 elementor-widget__width-initial bg-title-initiative elementor-widget elementor-widget-heading\" data-id=\"55d69fd5\" data-element_type=\"widget\" data-widget_type=\"heading.default\">\n\t\t\t\t<div class=\"elementor-widget-container\">\n\t\t\t\t\t<h1 class=\"elementor-heading-title elementor-size-default\">COACHING \/ MENTORING<\/h1>\t\t\t\t<\/div>\n\t\t\t\t<\/div>\n\t\t\t\t<\/div>\n\t\t\t\t<\/div>\n\t\t\t\t<section data-particle_enable=\"false\" data-particle-mobile-disabled=\"false\" class=\"elementor-section elementor-top-section elementor-element elementor-element-77daec5f elementor-section-content-middle animated-slow elementor-section-full_width elementor-section-height-default elementor-section-height-default elementor-invisible\" data-id=\"77daec5f\" data-element_type=\"section\" id=\"coaching\" data-settings=\"{&quot;animation&quot;:&quot;slideInRight&quot;}\">\n\t\t\t\t\t\t<div class=\"elementor-container elementor-column-gap-default\">\n\t\t\t\t\t<div class=\"elementor-column elementor-col-100 elementor-top-column elementor-element elementor-element-1948affb\" data-id=\"1948affb\" data-element_type=\"column\">\n\t\t\t<div class=\"elementor-widget-wrap elementor-element-populated\">\n\t\t\t\t\t\t<div class=\"elementor-element elementor-element-65b02a60 elementor-widget elementor-widget-heading\" data-id=\"65b02a60\" data-element_type=\"widget\" data-widget_type=\"heading.default\">\n\t\t\t\t<div class=\"elementor-widget-container\">\n\t\t\t\t\t<h2 class=\"elementor-heading-title elementor-size-default\">La persona que cambiar\u00e1 y transformar\u00e1 tu vida eres: T\u00fa.<\/h2>\t\t\t\t<\/div>\n\t\t\t\t<\/div>\n\t\t\t\t<div class=\"elementor-element elementor-element-3339607 medium-p elementor-widget elementor-widget-text-editor\" data-id=\"3339607\" data-element_type=\"widget\" data-widget_type=\"text-editor.default\">\n\t\t\t\t<div class=\"elementor-widget-container\">\n\t\t\t\t\t\t\t\t\t<p>Al afrontar un cambio profesional o personal, es necesario centrarse en las motivaciones y aspiraciones.<\/p><p><strong>1 \u2013<\/strong> \u00bfQu\u00e9 es importante para t\u00ed?<\/p><p><strong>2 \u2013<\/strong> \u00bfCu\u00e1les son los obst\u00e1culos a los que te enfrentas?<\/p><p><strong>3 \u2013<\/strong> \u00bfC\u00f3mo puedes superar los desaf\u00edos que tienes y dar lo mejor de ti?<\/p><p><strong>4 \u2013<\/strong> \u00bfCu\u00e1les son tus ambiciones a largo plazo y qu\u00e9 oportunidades tienes para alcanzarlas?<\/p><p>Nuestros servicios de Coaching y Mentoring, organizados por el equipo de Alumni, te ayudar\u00e1n a ganar confianza, fortalecer tus habilidades tanto a nivel personal como profesional y a cambiar para alcanzar tus objetivos.<\/p>\t\t\t\t\t\t\t\t<\/div>\n\t\t\t\t<\/div>\n\t\t\t\t\t<\/div>\n\t\t<\/div>\n\t\t\t\t\t<\/div>\n\t\t<\/section>\n\t\t\t\t<section data-particle_enable=\"false\" data-particle-mobile-disabled=\"false\" class=\"elementor-section elementor-top-section elementor-element elementor-element-d632773 elementor-section-content-middle animated-slow elementor-section-full_width elementor-section-height-default elementor-section-height-default elementor-invisible\" data-id=\"d632773\" data-element_type=\"section\" data-settings=\"{&quot;animation&quot;:&quot;slideInRight&quot;}\">\n\t\t\t\t\t\t<div class=\"elementor-container elementor-column-gap-default\">\n\t\t\t\t\t<div class=\"elementor-column elementor-col-100 elementor-top-column elementor-element elementor-element-dcb8902\" data-id=\"dcb8902\" data-element_type=\"column\">\n\t\t\t<div class=\"elementor-widget-wrap elementor-element-populated\">\n\t\t\t\t\t\t<div class=\"elementor-element elementor-element-ce00366 elementor-widget elementor-widget-heading\" data-id=\"ce00366\" data-element_type=\"widget\" data-widget_type=\"heading.default\">\n\t\t\t\t<div class=\"elementor-widget-container\">\n\t\t\t\t\t<h2 class=\"elementor-heading-title elementor-size-default\">Coaching Interior\n\n<\/h2>\t\t\t\t<\/div>\n\t\t\t\t<\/div>\n\t\t\t\t<div class=\"elementor-element elementor-element-cd6b4a7 medium-p elementor-widget elementor-widget-text-editor\" data-id=\"cd6b4a7\" data-element_type=\"widget\" data-widget_type=\"text-editor.default\">\n\t\t\t\t<div class=\"elementor-widget-container\">\n\t\t\t\t\t\t\t\t\t<p class=\"translation-block\"><span>El Coaching Interno es una herramienta de desarrollo personal <\/span><span>y<\/span><span> profesional muy potente para superar obst\u00e1culos y alcanzar nuevas metas en tu vida.<\/span><span> El Coaching Interno se basa en la persona que<\/span><span> cambiar\u00e1<\/span><span> y transformar\u00e1 tu vida: t\u00fa.<\/span>\n\n<span>A trav\u00e9s del Coaching te ayudaremos a vivir un proceso de transformaci\u00f3n personal que te llevar\u00e1 a vivir nuevas experiencias, alcanzar nuevas metas, ganar m\u00e1s claridad y confianza en ti mismo, y dejar atr\u00e1s situaciones de tu vida que estaban relacionadas con algo que no eras t\u00fa.<\/span><span> Cada experiencia y reto ser\u00e1 utilizado para ayudarte a crecer y mejorar.<\/span><\/p><p class=\"translation-block\"><span>A trav\u00e9s del Coaching,<\/span><span> te ayudaremos a experimentar un proceso de transformaci\u00f3n personal que te llevar\u00e1 a vivir nuevas experiencias, alcanzar nuevas metas,<\/span><span> ganar<\/span><span> m\u00e1s claridad y autoconfianza, y dejar atr\u00e1s situaciones en tu vida que estaban relacionadas con algo que no eras t\u00fa.<\/span><span> Cada experiencia y desaf\u00edo ser\u00e1 utilizado para<\/span><span> ayudarte <\/span><span>a crecer y mejorar.<\/span><\/p><p>En Coaching te centrar\u00e1s en 3 pilares principales:<\/p><p><strong>1<\/strong><b> DESC\u00daBRETE A TI MISMO<\/b><\/p><p>El objetivo es que te conozcas mejor a ti mismo. Saber qui\u00e9n eres, es fundamental para definir tus aspiraciones profesionales.<\/p><p><b>DESCUBRE TUS OBST\u00c1CULOS INTERNOS<\/b><\/p><p>Lo m\u00e1s importante es entender que cada desaf\u00edo que enfrentas tiene su origen y est\u00e1 relacionado con un obst\u00e1culo interno que debes resolver para poder seguir adelante. Los obst\u00e1culos internos se reemplazan por nueva informaci\u00f3n.<\/p><p><b>CREA UN CAMINO DE LIBERTAD<\/b><\/p><p>Una vez que hayas desenredado los obst\u00e1culos internos que han estado limitando todo tu potencial, todo lo que necesitas hacer, es crear objetivos claros y materializar la nueva informaci\u00f3n que te han dado para crear tu nueva realidad.<\/p><p><strong>Tipos de Coaching<\/strong><\/p><ul><li>Coaching de vida<ul><li>Coaching familiar<\/li><li>Coaching de relaciones<\/li><li>Coaching nutricional<\/li><li>Coaching patrimonial<\/li><li>Coaching de salud<\/li><li>Coaching de duelo<\/li><li>Coaching espiritual<\/li><li>Entrenamiento deportivo<\/li><li>Coaching para j\u00f3venes adultos<\/li><\/ul><\/li><li>Coaching ejecutivo<ul><li>Coaching de equipos<\/li><li>Coaching para expatriados<\/li><li>Entrenamiento RSC<\/li><\/ul><\/li><\/ul>\t\t\t\t\t\t\t\t<\/div>\n\t\t\t\t<\/div>\n\t\t\t\t<div class=\"elementor-element elementor-element-23550e7a elementor-align-left elementor-widget elementor-widget-button\" data-id=\"23550e7a\" data-element_type=\"widget\" data-widget_type=\"button.default\">\n\t\t\t\t<div class=\"elementor-widget-container\">\n\t\t\t\t\t\t\t\t\t<div class=\"elementor-button-wrapper\">\n\t\t\t\t\t<a class=\"elementor-button elementor-button-link elementor-size-md\" href=\"mailto:i.garcia@imiinstitute.com\">\n\t\t\t\t\t\t<span class=\"elementor-button-content-wrapper\">\n\t\t\t\t\t\t<span class=\"elementor-button-icon\">\n\t\t\t\t<i aria-hidden=\"true\" class=\"far fa-arrow-alt-circle-right\"><\/i>\t\t\t<\/span>\n\t\t\t\t\t\t\t\t\t<span class=\"elementor-button-text\">Cont\u00e1ctenos para discutir sus necesidades<\/span>\n\t\t\t\t\t<\/span>\n\t\t\t\t\t<\/a>\n\t\t\t\t<\/div>\n\t\t\t\t\t\t\t\t<\/div>\n\t\t\t\t<\/div>\n\t\t\t\t<div class=\"elementor-element elementor-element-d40a016 elementor-align-left elementor-widget elementor-widget-button\" data-id=\"d40a016\" data-element_type=\"widget\" data-widget_type=\"button.default\">\n\t\t\t\t<div class=\"elementor-widget-container\">\n\t\t\t\t\t\t\t\t\t<div class=\"elementor-button-wrapper\">\n\t\t\t\t\t<a class=\"elementor-button elementor-button-link elementor-size-md\" href=\"https:\/\/imiinstitute.com\/es\/coaching-sessions\/\">\n\t\t\t\t\t\t<span class=\"elementor-button-content-wrapper\">\n\t\t\t\t\t\t<span class=\"elementor-button-icon\">\n\t\t\t\t<i aria-hidden=\"true\" class=\"far fa-arrow-alt-circle-right\"><\/i>\t\t\t<\/span>\n\t\t\t\t\t\t\t\t\t<span class=\"elementor-button-text\">Reserva ahora tus sesiones de coaching<\/span>\n\t\t\t\t\t<\/span>\n\t\t\t\t\t<\/a>\n\t\t\t\t<\/div>\n\t\t\t\t\t\t\t\t<\/div>\n\t\t\t\t<\/div>\n\t\t\t\t\t<\/div>\n\t\t<\/div>\n\t\t\t\t\t<\/div>\n\t\t<\/section>\n\t\t\t\t<section data-particle_enable=\"false\" data-particle-mobile-disabled=\"false\" class=\"elementor-section elementor-top-section elementor-element elementor-element-950f3ab elementor-section-content-middle animated-slow elementor-section-full_width elementor-section-height-default elementor-section-height-default elementor-invisible\" data-id=\"950f3ab\" data-element_type=\"section\" id=\"mentoring\" data-settings=\"{&quot;animation&quot;:&quot;slideInRight&quot;}\">\n\t\t\t\t\t\t<div class=\"elementor-container elementor-column-gap-default\">\n\t\t\t\t\t<div class=\"elementor-column elementor-col-100 elementor-top-column elementor-element elementor-element-3c41e1c\" data-id=\"3c41e1c\" data-element_type=\"column\">\n\t\t\t<div class=\"elementor-widget-wrap elementor-element-populated\">\n\t\t\t\t\t\t<div class=\"elementor-element elementor-element-f058f8b elementor-widget elementor-widget-heading\" data-id=\"f058f8b\" data-element_type=\"widget\" data-widget_type=\"heading.default\">\n\t\t\t\t<div class=\"elementor-widget-container\">\n\t\t\t\t\t<h2 class=\"elementor-heading-title elementor-size-default\">Mentor\u00edas Inner\n\n<\/h2>\t\t\t\t<\/div>\n\t\t\t\t<\/div>\n\t\t\t\t<div class=\"elementor-element elementor-element-7fd35d6 medium-p elementor-widget elementor-widget-text-editor\" data-id=\"7fd35d6\" data-element_type=\"widget\" data-widget_type=\"text-editor.default\">\n\t\t\t\t<div class=\"elementor-widget-container\">\n\t\t\t\t\t\t\t\t\t<p><strong>Mentor\u00edas Inner<\/strong><\/p><p class=\"translation-block\"><span>El mentoring es una pr\u00e1ctica en la que un mentor,<\/span><span> una persona con experiencia, ense\u00f1a y gu\u00eda a un aprendiz o tutelado en su formaci\u00f3n.<\/span><span> El objetivo es que \u00e9ste desarrolle su talento potencial a trav\u00e9s de la transferencia de conocimientos en un proceso en el que se establece una relaci\u00f3n de confianza entre ambas partes.<\/span><span> El papel del mentor es guiar y acompa\u00f1ar al aprendiz en su desarrollo profesional <\/span><span>y<\/span><span> personal.<\/span><span> El<\/span><span> mentor interno act\u00faa<\/span><span> como<\/span><span> la persona encargada de<\/span><span> transmitir<\/span><span> los valores internos a su tutelado.<\/span><\/p><p><span>Los objetivos del Inner Mentoring incluyen:<\/span><\/p><p class=\"translation-block\"><strong>1<\/strong><span><strong>\u00a0\u2013<\/strong>\u00a0<\/span><span>Contribuir al <\/span><span>desarrollo<\/span><span> personal y profesional del <\/span><span>individuo <\/span><span> incrementando <\/span><span> los conocimientos en <\/span><span>\u00e1reas<\/span><span> espec\u00edficas.<\/span><\/p><p class=\"translation-block\"><strong>2<\/strong><span><strong>\u00a0\u2013<\/strong>\u00a0<\/span><span>Ayudar a <\/span><span>identificar<\/span><span> problemas y <\/span><span>superar<\/span><span> barreras que <\/span><span>impidan<\/span><span> este desarrollo.<\/span><\/p><p class=\"translation-block\"><strong>3<\/strong><span><strong>\u00a0\u2013<\/strong>\u00a0<\/span><span>Mejorar la <\/span><span>confianza en s\u00ed mismo<\/span><span> y el <\/span><span>empoderamiento<\/span><span> de la <\/span><span>persona<\/span><span> mentorizada, incluidas sus <\/span><span>habilidades<\/span><span> de liderazgo.<\/span><\/p><p class=\"translation-block\"><strong>4<\/strong><span><strong>\u00a0\u2013<\/strong>\u00a0<\/span><span>Fomentar la <\/span><span>autonom\u00eda<\/span><span> y la <\/span><span>toma de decisiones<\/span><span>;<\/span><span> <\/span><span>aumentar<\/span><span> la <\/span><span>motivaci\u00f3n<\/span><span> del <\/span><span>tutelado<\/span><span>;<\/span><span> <\/span><span>crear<\/span><span> v\u00ednculos y <\/span><span>contactos<\/span><span> que en el <\/span><span>futuro<\/span><span> puedan ser <\/span><span>especialmente \u00fatiles<\/span><span>, tanto para el <\/span><span>mentor<\/span><span> como para el <\/span><span>aprendiz<\/span><span>, <\/span><span>creando una <\/span><span>red<\/span><span>.<\/span><\/p><p><strong>5\u00a0\u2013\u00a0<\/strong>Desarrollar excelentes habilidades de comunicaci\u00f3n.<\/p><p><span><b>FORMATO:<\/b><\/span><\/p><p class=\"translation-block\"><span>El formato para <\/span><span>los<\/span><span> programas de <\/span><span>Coaching<\/span><span> y <\/span><span>mentoring<\/span><span> es de <\/span><span><b>10 semanas<\/b><\/span><span> con un <\/span><span>compromiso<\/span><span> de 2 a 4 horas por semana, incluidas 10 <\/span><span>sesiones<\/span><span> individuales de coaching\/mentoring.<\/span><\/p><p class=\"translation-block\"><span>\u00bfC\u00f3mo puedo <\/span><span>postularme<\/span><span> para el programa? Este programa es exclusivo <\/span><span>para <\/span><span>exalumnos de IMI:<\/span><\/p><p><span>Precio general para\u00a0<\/span><span><b>exalumnos o egresados :<\/b><\/span><span>: 1850 euros.<\/span><\/p><p class=\"translation-block\">Precio especial para los <b>miembros<\/b> de la <b>Asociaci\u00f3n de Exalumnos<\/b>: 950 euros.<\/p><p class=\"translation-block\"><span>Si est\u00e1s interesado en convertirte en <\/span><span>miembro de la Asociaci\u00f3n de Exalumnos de IMI<\/span><span>, por favor contacta a <\/span><a href=\"mailto:alumni@imiinstitute.com\" target=\"_self\"><span>alumni@imiinstitute.com<\/span><\/a><\/p><p class=\"translation-block\">Si deseas saber m\u00e1s sobre el <b>programa de Coaching<\/b> \/ <b>Mentoring<\/b>, <a href=\"https:\/\/imiinstitute.com\/es\/alumni-team\/\" target=\"_self\"><span>por favor contacta al miembro del equipo<\/span><\/a> responsable de tu \u00e1rea geogr\u00e1fica.<\/p><p class=\"translation-block\"><span>Para m\u00e1s informaci\u00f3n: <\/span><a href=\"mailto:contact@imiinstitute.com\" target=\"_self\"><span>contact@imiinstitute.com<\/span><\/a><\/p>\t\t\t\t\t\t\t\t<\/div>\n\t\t\t\t<\/div>\n\t\t\t\t<div class=\"elementor-element elementor-element-9632b36 elementor-align-left elementor-widget elementor-widget-button\" data-id=\"9632b36\" data-element_type=\"widget\" data-widget_type=\"button.default\">\n\t\t\t\t<div class=\"elementor-widget-container\">\n\t\t\t\t\t\t\t\t\t<div class=\"elementor-button-wrapper\">\n\t\t\t\t\t<a class=\"elementor-button elementor-button-link elementor-size-md\" href=\"http:\/\/imiinstitute.com\/es\/contact\/\">\n\t\t\t\t\t\t<span class=\"elementor-button-content-wrapper\">\n\t\t\t\t\t\t<span class=\"elementor-button-icon\">\n\t\t\t\t<i aria-hidden=\"true\" class=\"far fa-arrow-alt-circle-right\"><\/i>\t\t\t<\/span>\n\t\t\t\t\t\t\t\t\t<span class=\"elementor-button-text\">DESCUBRE QUIEN PUEDE AYUDARTE<\/span>\n\t\t\t\t\t<\/span>\n\t\t\t\t\t<\/a>\n\t\t\t\t<\/div>\n\t\t\t\t\t\t\t\t<\/div>\n\t\t\t\t<\/div>\n\t\t\t\t\t<\/div>\n\t\t<\/div>\n\t\t\t\t\t<\/div>\n\t\t<\/section>\n\t\t\t\t<\/div>","protected":false},"excerpt":{"rendered":"<p>COACHING \/ MENTORING The person who will change and transform your life is: You. When undergoing a professional or personal <\/p>","protected":false},"author":1,"featured_media":0,"parent":0,"menu_order":0,"comment_status":"closed","ping_status":"closed","template":"elementor_header_footer","meta":{"footnotes":""},"class_list":["post-7120","page","type-page","status-publish","hentry"],"acf":[],"_links":{"self":[{"href":"https:\/\/imiinstitute.com\/es\/wp-json\/wp\/v2\/pages\/7120","targetHints":{"allow":["GET"]}}],"collection":[{"href":"https:\/\/imiinstitute.com\/es\/wp-json\/wp\/v2\/pages"}],"about":[{"href":"https:\/\/imiinstitute.com\/es\/wp-json\/wp\/v2\/types\/page"}],"author":[{"embeddable":true,"href":"https:\/\/imiinstitute.com\/es\/wp-json\/wp\/v2\/users\/1"}],"replies":[{"embeddable":true,"href":"https:\/\/imiinstitute.com\/es\/wp-json\/wp\/v2\/comments?post=7120"}],"version-history":[{"count":107,"href":"https:\/\/imiinstitute.com\/es\/wp-json\/wp\/v2\/pages\/7120\/revisions"}],"predecessor-version":[{"id":13108,"href":"https:\/\/imiinstitute.com\/es\/wp-json\/wp\/v2\/pages\/7120\/revisions\/13108"}],"wp:attachment":[{"href":"https:\/\/imiinstitute.com\/es\/wp-json\/wp\/v2\/media?parent=7120"}],"curies":[{"name":"wp","href":"https:\/\/api.w.org\/{rel}","templated":true}]}}