{"id":7163,"date":"2024-03-08T14:08:43","date_gmt":"2024-03-08T14:08:43","guid":{"rendered":"https:\/\/sites-dev.com\/IMI\/?page_id=7163"},"modified":"2024-09-01T19:25:38","modified_gmt":"2024-09-01T19:25:38","slug":"alumni-association","status":"publish","type":"page","link":"https:\/\/imiinstitute.com\/es\/alumni-association\/","title":{"rendered":"ALUMNI ASSOCIATION"},"content":{"rendered":"<div data-elementor-type=\"wp-page\" data-elementor-id=\"7163\" class=\"elementor elementor-7163\" data-elementor-post-type=\"page\">\n\t\t\t\t<div data-particle_enable=\"false\" data-particle-mobile-disabled=\"false\" class=\"elementor-element elementor-element-3dbe6d1d e-con-full e-flex e-con e-parent\" data-id=\"3dbe6d1d\" data-element_type=\"container\" data-settings=\"{&quot;background_background&quot;:&quot;classic&quot;,&quot;xpro_backdrop_filter&quot;:&quot;yes&quot;}\">\n\t\t<div data-particle_enable=\"false\" data-particle-mobile-disabled=\"false\" class=\"elementor-element elementor-element-64356ec5 e-con-full e-flex e-con e-child\" data-id=\"64356ec5\" data-element_type=\"container\">\n\t\t\t\t<div class=\"elementor-element elementor-element-63f579bb elementor-widget__width-initial bg-title-initiative elementor-widget elementor-widget-heading\" data-id=\"63f579bb\" data-element_type=\"widget\" data-widget_type=\"heading.default\">\n\t\t\t\t<div class=\"elementor-widget-container\">\n\t\t\t\t\t<h1 class=\"elementor-heading-title elementor-size-default\">Beneficios\n<\/h1>\t\t\t\t<\/div>\n\t\t\t\t<\/div>\n\t\t\t\t<\/div>\n\t\t\t\t<\/div>\n\t\t\t\t<section data-particle_enable=\"false\" data-particle-mobile-disabled=\"false\" class=\"elementor-section elementor-top-section elementor-element elementor-element-77daec5f elementor-section-content-middle animated-slow elementor-section-full_width elementor-section-height-default elementor-section-height-default elementor-invisible\" data-id=\"77daec5f\" data-element_type=\"section\" data-settings=\"{&quot;animation&quot;:&quot;slideInRight&quot;}\">\n\t\t\t\t\t\t<div class=\"elementor-container elementor-column-gap-default\">\n\t\t\t\t\t<div class=\"elementor-column elementor-col-100 elementor-top-column elementor-element elementor-element-1948affb\" data-id=\"1948affb\" data-element_type=\"column\">\n\t\t\t<div class=\"elementor-widget-wrap elementor-element-populated\">\n\t\t\t\t\t\t<div class=\"elementor-element elementor-element-65b02a60 elementor-widget elementor-widget-heading\" data-id=\"65b02a60\" data-element_type=\"widget\" data-widget_type=\"heading.default\">\n\t\t\t\t<div class=\"elementor-widget-container\">\n\t\t\t\t\t<h2 class=\"elementor-heading-title elementor-size-default\">Ser miembro del IMI significa ser parte del cambio.<\/h2>\t\t\t\t<\/div>\n\t\t\t\t<\/div>\n\t\t\t\t<div class=\"elementor-element elementor-element-3339607 medium-p elementor-widget elementor-widget-text-editor\" data-id=\"3339607\" data-element_type=\"widget\" data-widget_type=\"text-editor.default\">\n\t\t\t\t<div class=\"elementor-widget-container\">\n\t\t\t\t\t\t\t\t\t<p>Ser <b>Socio <\/b>de la <b>Asociaci\u00f3n de Antiguos Alumnos del IMI<\/b> significa desempe\u00f1ar un papel clave en la implementaci\u00f3n de los proyectos de Alumni e IMI. Entre otras cosas, las contribuciones de los socios se traducen en valiosas contribuciones a la sociedad en su conjunto. Las donaciones se convierten en becas para futuros estudiantes, el trabajo voluntario en proyectos de investigaci\u00f3n, y el coaching voluntario en coaching social para personas sin recursos.<br \/>Beneficios y servicios solo para Socios. Acceso exclusivo al Programa de Aprendizaje de Antiguos Alumnos:<\/p><p><strong>1 \u2013<\/strong> Acceso a todas las conferencias on line del IMI.<br \/><strong>2 \u2013<\/strong> Descuentos y tarifas especiales en los programas del IMI.<br \/><strong>3 \u2013<\/strong> Consultas con profesores o coaches.<br \/><strong>4 \u2013<\/strong> Descuento del 30% en art\u00edculos y materiales producidos por el IMI.<br \/><strong>5 \u2013<\/strong> Acceso a coaching y asesoramiento profesional.<br \/><strong>6 \u2013<\/strong> Descuentos en retiros.<\/p>\t\t\t\t\t\t\t\t<\/div>\n\t\t\t\t<\/div>\n\t\t\t\t<div class=\"elementor-element elementor-element-23550e7a elementor-align-left elementor-widget__width-initial elementor-widget elementor-widget-button\" data-id=\"23550e7a\" data-element_type=\"widget\" data-widget_type=\"button.default\">\n\t\t\t\t<div class=\"elementor-widget-container\">\n\t\t\t\t\t\t\t\t\t<div class=\"elementor-button-wrapper\">\n\t\t\t\t\t<a class=\"elementor-button elementor-button-link elementor-size-md\" href=\"https:\/\/imiinstitute.com\/es\/cart\/?add-to-cart=9960\">\n\t\t\t\t\t\t<span class=\"elementor-button-content-wrapper\">\n\t\t\t\t\t\t<span class=\"elementor-button-icon\">\n\t\t\t\t<i aria-hidden=\"true\" class=\"far fa-arrow-alt-circle-right\"><\/i>\t\t\t<\/span>\n\t\t\t\t\t\t\t\t\t<span class=\"elementor-button-text\">Solicitar ser miembro<\/span>\n\t\t\t\t\t<\/span>\n\t\t\t\t\t<\/a>\n\t\t\t\t<\/div>\n\t\t\t\t\t\t\t\t<\/div>\n\t\t\t\t<\/div>\n\t\t\t\t<div class=\"elementor-element elementor-element-5a931d2 elementor-align-left elementor-widget__width-initial elementor-widget elementor-widget-button\" data-id=\"5a931d2\" data-element_type=\"widget\" data-widget_type=\"button.default\">\n\t\t\t\t<div class=\"elementor-widget-container\">\n\t\t\t\t\t\t\t\t\t<div class=\"elementor-button-wrapper\">\n\t\t\t\t\t<a class=\"elementor-button elementor-button-link elementor-size-md\" href=\"https:\/\/imiinstitute.com\/es\/application-form\/\">\n\t\t\t\t\t\t<span class=\"elementor-button-content-wrapper\">\n\t\t\t\t\t\t<span class=\"elementor-button-icon\">\n\t\t\t\t<i aria-hidden=\"true\" class=\"far fa-arrow-alt-circle-right\"><\/i>\t\t\t<\/span>\n\t\t\t\t\t\t\t\t\t<span class=\"elementor-button-text\">M\u00e1s informaci\u00f3n<\/span>\n\t\t\t\t\t<\/span>\n\t\t\t\t\t<\/a>\n\t\t\t\t<\/div>\n\t\t\t\t\t\t\t\t<\/div>\n\t\t\t\t<\/div>\n\t\t\t\t\t<\/div>\n\t\t<\/div>\n\t\t\t\t\t<\/div>\n\t\t<\/section>\n\t\t\t\t<section data-particle_enable=\"false\" data-particle-mobile-disabled=\"false\" class=\"elementor-section elementor-top-section elementor-element elementor-element-950f3ab elementor-section-content-middle animated-slow elementor-section-full_width elementor-section-height-default elementor-section-height-default elementor-invisible\" data-id=\"950f3ab\" data-element_type=\"section\" data-settings=\"{&quot;animation&quot;:&quot;slideInRight&quot;}\">\n\t\t\t\t\t\t<div class=\"elementor-container elementor-column-gap-default\">\n\t\t\t\t\t<div class=\"elementor-column elementor-col-100 elementor-top-column elementor-element elementor-element-3c41e1c\" data-id=\"3c41e1c\" data-element_type=\"column\">\n\t\t\t<div class=\"elementor-widget-wrap elementor-element-populated\">\n\t\t\t\t\t\t<div class=\"elementor-element elementor-element-7fd35d6 medium-p elementor-widget elementor-widget-text-editor\" data-id=\"7fd35d6\" data-element_type=\"widget\" data-widget_type=\"text-editor.default\">\n\t\t\t\t<div class=\"elementor-widget-container\">\n\t\t\t\t\t\t\t\t\t<p>Las excelentes opiniones que recibimos son sin duda un gran reconocimiento, pero no son la raz\u00f3n principal de nuestro trabajo. Somos un instituto con una misi\u00f3n mucho m\u00e1s profunda: educar a las personas para que desarrollen su consciencia con el fin de hacer del mundo un lugar m\u00e1s consciente.<br \/><strong>\u00danase al impacto transformador de IMI y ay\u00fadenos a formar a los l\u00edderes que tienen en sus manos el futuro de sus organizaciones y de la sociedad. Juntos, podemos lograrlo.<\/strong><\/p>\t\t\t\t\t\t\t\t<\/div>\n\t\t\t\t<\/div>\n\t\t\t\t<div class=\"elementor-element elementor-element-5956eb0 medium-p elementor-widget elementor-widget-text-editor\" data-id=\"5956eb0\" data-element_type=\"widget\" data-widget_type=\"text-editor.default\">\n\t\t\t\t<div class=\"elementor-widget-container\">\n\t\t\t\t\t\t\t\t\t<p><strong>Actualmente tenemos abiertas las siguientes campa\u00f1as de recaudaci\u00f3n de fondos:<\/strong><\/p>\t\t\t\t\t\t\t\t<\/div>\n\t\t\t\t<\/div>\n\t\t\t\t<div class=\"elementor-element elementor-element-9be15ee medium-p elementor-widget elementor-widget-text-editor\" data-id=\"9be15ee\" data-element_type=\"widget\" data-widget_type=\"text-editor.default\">\n\t\t\t\t<div class=\"elementor-widget-container\">\n\t\t\t\t\t\t\t\t\t<p>\u00a0<a href=\"https:\/\/imiinstitute.com\/es\/volunteer-work\/\"><strong>1.<\/strong><\/a> <a href=\"https:\/\/imiinstitute.com\/es\/volunteer-work\/\"><span>Voluntariado\u200b<\/span><span>ing<\/span><\/a><span>\u00a0<\/span>\u00a0<\/p>\t\t\t\t\t\t\t\t<\/div>\n\t\t\t\t<\/div>\n\t\t\t\t<div class=\"elementor-element elementor-element-0306e35 medium-p elementor-widget elementor-widget-text-editor\" data-id=\"0306e35\" data-element_type=\"widget\" data-widget_type=\"text-editor.default\">\n\t\t\t\t<div class=\"elementor-widget-container\">\n\t\t\t\t\t\t\t\t\t<p><a href=\"https:\/\/imiinstitute.com\/es\/initiatives\/\">\u00a0<strong>2. <\/strong><\/a><a href=\"https:\/\/imiinstitute.com\/es\/initiatives\/\"><span>Investigaci\u00f3n:<\/span><\/a><\/p><p><a href=\"https:\/\/imiinstitute.com\/es\/initiatives\/\"><strong><\/strong><\/a><\/p>\t\t\t\t\t\t\t\t<\/div>\n\t\t\t\t<\/div>\n\t\t\t\t<div class=\"elementor-element elementor-element-d3cfa9e elementor-grid-1 elementor-grid-tablet-2 elementor-grid-mobile-1 elementor-widget elementor-widget-loop-grid\" data-id=\"d3cfa9e\" data-element_type=\"widget\" data-settings=\"{&quot;template_id&quot;:8098,&quot;columns&quot;:1,&quot;_skin&quot;:&quot;post&quot;,&quot;columns_tablet&quot;:&quot;2&quot;,&quot;columns_mobile&quot;:&quot;1&quot;,&quot;edit_handle_selector&quot;:&quot;[data-elementor-type=\\&quot;loop-item\\&quot;]&quot;,&quot;row_gap&quot;:{&quot;unit&quot;:&quot;px&quot;,&quot;size&quot;:&quot;&quot;,&quot;sizes&quot;:[]},&quot;row_gap_tablet&quot;:{&quot;unit&quot;:&quot;px&quot;,&quot;size&quot;:&quot;&quot;,&quot;sizes&quot;:[]},&quot;row_gap_mobile&quot;:{&quot;unit&quot;:&quot;px&quot;,&quot;size&quot;:&quot;&quot;,&quot;sizes&quot;:[]}}\" data-widget_type=\"loop-grid.post\">\n\t\t\t\t<div class=\"elementor-widget-container\">\n\t\t\t\t\t\t\t<div class=\"elementor-loop-container elementor-grid\" role=\"list\">\n\t\t<style id=\"loop-8098\">.elementor-8098 .elementor-element.elementor-element-d4617c0{--display:flex;--flex-direction:column;--container-widget-width:100%;--container-widget-height:initial;--container-widget-flex-grow:0;--container-widget-align-self:initial;--flex-wrap-mobile:wrap;border-style:solid;--border-style:solid;border-width:0px 0px 0px 15px;--border-top-width:0px;--border-right-width:0px;--border-bottom-width:0px;--border-left-width:15px;border-color:var( --e-global-color-58abd0a );--border-color:var( --e-global-color-58abd0a );}.elementor-8098 .elementor-element.elementor-element-914a523.xpro-widget-bg-overlay:before{transition:background 0.3s;}.elementor-8098 .elementor-element.elementor-element-914a523 .elementor-heading-title{font-size:22px;font-weight:700;}<\/style>\t\t<div data-elementor-type=\"loop-item\" data-elementor-id=\"8098\" class=\"elementor elementor-8098 e-loop-item e-loop-item-8522 post-8522 initiatives_post type-initiatives_post status-publish has-post-thumbnail hentry category-initiatives\" data-elementor-post-type=\"elementor_library\" data-custom-edit-handle=\"1\">\n\t\t\t<a data-particle_enable=\"false\" data-particle-mobile-disabled=\"false\" class=\"elementor-element elementor-element-d4617c0 e-con-full e-flex e-con e-parent\" data-id=\"d4617c0\" data-element_type=\"container\" href=\"https:\/\/imiinstitute.com\/es\/initiatives_post\/what-are-the-components-of-the-teachers-inner-knowledge-that-influence-and-favour-the-quality-of-teaching-in-schools-and-universities\/\">\n\t\t\t\t<div class=\"elementor-element elementor-element-914a523 elementor-widget elementor-widget-heading\" data-id=\"914a523\" data-element_type=\"widget\" data-widget_type=\"heading.default\">\n\t\t\t\t<div class=\"elementor-widget-container\">\n\t\t\t\t\t<h3 class=\"elementor-heading-title elementor-size-default\">\u00bfCu\u00e1les son los componentes del conocimiento interno de los profesores que influyen y favorecen la calidad de la ense\u00f1anza en las escuelas y universidades?<\/h3>\t\t\t\t<\/div>\n\t\t\t\t<\/div>\n\t\t\t\t<\/a>\n\t\t\t\t<\/div>\n\t\t\t\t<div data-elementor-type=\"loop-item\" data-elementor-id=\"8098\" class=\"elementor elementor-8098 e-loop-item e-loop-item-7584 post-7584 initiatives_post type-initiatives_post status-publish has-post-thumbnail hentry category-initiatives\" data-elementor-post-type=\"elementor_library\" data-custom-edit-handle=\"1\">\n\t\t\t<a data-particle_enable=\"false\" data-particle-mobile-disabled=\"false\" class=\"elementor-element elementor-element-d4617c0 e-con-full e-flex e-con e-parent\" data-id=\"d4617c0\" data-element_type=\"container\" href=\"https:\/\/imiinstitute.com\/es\/initiatives_post\/inner-management-its-effects-in-individual-and-team-sports\/\">\n\t\t\t\t<div class=\"elementor-element elementor-element-914a523 elementor-widget elementor-widget-heading\" data-id=\"914a523\" data-element_type=\"widget\" data-widget_type=\"heading.default\">\n\t\t\t\t<div class=\"elementor-widget-container\">\n\t\t\t\t\t<h3 class=\"elementor-heading-title elementor-size-default\">Gesti\u00f3n Integral del Conocimiento: sus efectos en los deportes individuales y de equipo<\/h3>\t\t\t\t<\/div>\n\t\t\t\t<\/div>\n\t\t\t\t<\/a>\n\t\t\t\t<\/div>\n\t\t\t\t<div data-elementor-type=\"loop-item\" data-elementor-id=\"8098\" class=\"elementor elementor-8098 e-loop-item e-loop-item-7582 post-7582 initiatives_post type-initiatives_post status-publish has-post-thumbnail hentry category-initiatives\" data-elementor-post-type=\"elementor_library\" data-custom-edit-handle=\"1\">\n\t\t\t<a data-particle_enable=\"false\" data-particle-mobile-disabled=\"false\" class=\"elementor-element elementor-element-d4617c0 e-con-full e-flex e-con e-parent\" data-id=\"d4617c0\" data-element_type=\"container\" href=\"https:\/\/imiinstitute.com\/es\/initiatives_post\/consciousness-in-inner-management-acts-as-a-catalyst-for-transforming-weaknesses-into-strengths-in-the-business-world\/\">\n\t\t\t\t<div class=\"elementor-element elementor-element-914a523 elementor-widget elementor-widget-heading\" data-id=\"914a523\" data-element_type=\"widget\" data-widget_type=\"heading.default\">\n\t\t\t\t<div class=\"elementor-widget-container\">\n\t\t\t\t\t<h3 class=\"elementor-heading-title elementor-size-default\">Empoderando a las empresas a trav\u00e9s de la Gesti\u00f3n Integral del Conocimiento: Una estrategia para convertir las Debilidades en Fortalezas<\/h3>\t\t\t\t<\/div>\n\t\t\t\t<\/div>\n\t\t\t\t<\/a>\n\t\t\t\t<\/div>\n\t\t\t\t<div data-elementor-type=\"loop-item\" data-elementor-id=\"8098\" class=\"elementor elementor-8098 e-loop-item e-loop-item-7579 post-7579 initiatives_post type-initiatives_post status-publish has-post-thumbnail hentry category-initiatives\" data-elementor-post-type=\"elementor_library\" data-custom-edit-handle=\"1\">\n\t\t\t<a data-particle_enable=\"false\" data-particle-mobile-disabled=\"false\" class=\"elementor-element elementor-element-d4617c0 e-con-full e-flex e-con e-parent\" data-id=\"d4617c0\" data-element_type=\"container\" href=\"https:\/\/imiinstitute.com\/es\/initiatives_post\/impact-of-inner-managment-or-conscious-coaching-in-the-school-and-family-environment-for-the-prevention-of-bullying\/\">\n\t\t\t\t<div class=\"elementor-element elementor-element-914a523 elementor-widget elementor-widget-heading\" data-id=\"914a523\" data-element_type=\"widget\" data-widget_type=\"heading.default\">\n\t\t\t\t<div class=\"elementor-widget-container\">\n\t\t\t\t\t<h3 class=\"elementor-heading-title elementor-size-default\">El impacto de la Gesti\u00f3n integral del Conocimiento o coaching consciente en entornos escolares y familiares para prevenir el acoso escolar es significativo<\/h3>\t\t\t\t<\/div>\n\t\t\t\t<\/div>\n\t\t\t\t<\/a>\n\t\t\t\t<\/div>\n\t\t\t\t<div data-elementor-type=\"loop-item\" data-elementor-id=\"8098\" class=\"elementor elementor-8098 e-loop-item e-loop-item-7575 post-7575 initiatives_post type-initiatives_post status-publish has-post-thumbnail hentry category-initiatives\" data-elementor-post-type=\"elementor_library\" data-custom-edit-handle=\"1\">\n\t\t\t<a data-particle_enable=\"false\" data-particle-mobile-disabled=\"false\" class=\"elementor-element elementor-element-d4617c0 e-con-full e-flex e-con e-parent\" data-id=\"d4617c0\" data-element_type=\"container\" href=\"https:\/\/imiinstitute.com\/es\/initiatives_post\/how-inner-management-can-help-senior-leaders-of-any-organization-to-choose-for-the-right-inclusion-and-diversity\/\">\n\t\t\t\t<div class=\"elementor-element elementor-element-914a523 elementor-widget elementor-widget-heading\" data-id=\"914a523\" data-element_type=\"widget\" data-widget_type=\"heading.default\">\n\t\t\t\t<div class=\"elementor-widget-container\">\n\t\t\t\t\t<h3 class=\"elementor-heading-title elementor-size-default\">C\u00f3mo La Gesti\u00f3n Integral del Conocimiento puede ayudar a los altos directivos de cualquier organizaci\u00f3n a tomar las decisiones correctas en materia de inclusi\u00f3n y diversidad<\/h3>\t\t\t\t<\/div>\n\t\t\t\t<\/div>\n\t\t\t\t<\/a>\n\t\t\t\t<\/div>\n\t\t\t\t<div data-elementor-type=\"loop-item\" data-elementor-id=\"8098\" class=\"elementor elementor-8098 e-loop-item e-loop-item-7549 post-7549 initiatives_post type-initiatives_post status-publish has-post-thumbnail hentry category-initiatives\" data-elementor-post-type=\"elementor_library\" data-custom-edit-handle=\"1\">\n\t\t\t<a data-particle_enable=\"false\" data-particle-mobile-disabled=\"false\" class=\"elementor-element elementor-element-d4617c0 e-con-full e-flex e-con e-parent\" data-id=\"d4617c0\" data-element_type=\"container\" href=\"https:\/\/imiinstitute.com\/es\/initiatives_post\/inner-management-as-a-tool-to-manage-cronic-stress\/\">\n\t\t\t\t<div class=\"elementor-element elementor-element-914a523 elementor-widget elementor-widget-heading\" data-id=\"914a523\" data-element_type=\"widget\" data-widget_type=\"heading.default\">\n\t\t\t\t<div class=\"elementor-widget-container\">\n\t\t\t\t\t<h3 class=\"elementor-heading-title elementor-size-default\">La Gesti\u00f3n Integral del Conocimiento como m\u00e9todo de aprendizaje para gestionar el estr\u00e9s cr\u00f3nico con el fin de evitar las enfermedades asociadas<\/h3>\t\t\t\t<\/div>\n\t\t\t\t<\/div>\n\t\t\t\t<\/a>\n\t\t\t\t<\/div>\n\t\t\t\t<\/div>\n\t\t\n\t\t\t\t\t\t<\/div>\n\t\t\t\t<\/div>\n\t\t\t\t<div class=\"elementor-element elementor-element-9632b36 elementor-align-left elementor-widget elementor-widget-button\" data-id=\"9632b36\" data-element_type=\"widget\" data-widget_type=\"button.default\">\n\t\t\t\t<div class=\"elementor-widget-container\">\n\t\t\t\t\t\t\t\t\t<div class=\"elementor-button-wrapper\">\n\t\t\t\t\t<a class=\"elementor-button elementor-button-link elementor-size-md\" href=\"https:\/\/imiinstitute.com\/es\/application-form-3\/\">\n\t\t\t\t\t\t<span class=\"elementor-button-content-wrapper\">\n\t\t\t\t\t\t<span class=\"elementor-button-icon\">\n\t\t\t\t<i aria-hidden=\"true\" class=\"far fa-arrow-alt-circle-right\"><\/i>\t\t\t<\/span>\n\t\t\t\t\t\t\t\t\t<span class=\"elementor-button-text\">Descubra m\u00e1s sobre las campa\u00f1as de recaudaci\u00f3n de fondos<\/span>\n\t\t\t\t\t<\/span>\n\t\t\t\t\t<\/a>\n\t\t\t\t<\/div>\n\t\t\t\t\t\t\t\t<\/div>\n\t\t\t\t<\/div>\n\t\t\t\t\t<\/div>\n\t\t<\/div>\n\t\t\t\t\t<\/div>\n\t\t<\/section>\n\t\t\t\t<\/div>","protected":false},"excerpt":{"rendered":"<p>Benefits Being an IMI Member means being part of the change Being a Member of the IMI Alumni Association means <\/p>","protected":false},"author":1,"featured_media":0,"parent":0,"menu_order":0,"comment_status":"closed","ping_status":"closed","template":"elementor_header_footer","meta":{"footnotes":""},"class_list":["post-7163","page","type-page","status-publish","hentry"],"acf":[],"_links":{"self":[{"href":"https:\/\/imiinstitute.com\/es\/wp-json\/wp\/v2\/pages\/7163","targetHints":{"allow":["GET"]}}],"collection":[{"href":"https:\/\/imiinstitute.com\/es\/wp-json\/wp\/v2\/pages"}],"about":[{"href":"https:\/\/imiinstitute.com\/es\/wp-json\/wp\/v2\/types\/page"}],"author":[{"embeddable":true,"href":"https:\/\/imiinstitute.com\/es\/wp-json\/wp\/v2\/users\/1"}],"replies":[{"embeddable":true,"href":"https:\/\/imiinstitute.com\/es\/wp-json\/wp\/v2\/comments?post=7163"}],"version-history":[{"count":106,"href":"https:\/\/imiinstitute.com\/es\/wp-json\/wp\/v2\/pages\/7163\/revisions"}],"predecessor-version":[{"id":11725,"href":"https:\/\/imiinstitute.com\/es\/wp-json\/wp\/v2\/pages\/7163\/revisions\/11725"}],"wp:attachment":[{"href":"https:\/\/imiinstitute.com\/es\/wp-json\/wp\/v2\/media?parent=7163"}],"curies":[{"name":"wp","href":"https:\/\/api.w.org\/{rel}","templated":true}]}}