{"id":7628,"date":"2024-03-28T00:47:01","date_gmt":"2024-03-28T00:47:01","guid":{"rendered":"https:\/\/imiinstitute.com\/?page_id=7628"},"modified":"2024-09-05T10:37:30","modified_gmt":"2024-09-05T10:37:30","slug":"services","status":"publish","type":"page","link":"https:\/\/imiinstitute.com\/es\/services\/","title":{"rendered":"Services"},"content":{"rendered":"<div data-elementor-type=\"wp-page\" data-elementor-id=\"7628\" class=\"elementor elementor-7628\" data-elementor-post-type=\"page\">\n\t\t\t\t<div data-particle_enable=\"false\" data-particle-mobile-disabled=\"false\" class=\"elementor-element elementor-element-3dbe6d1d e-con-full e-flex e-con e-parent\" data-id=\"3dbe6d1d\" data-element_type=\"container\" data-settings=\"{&quot;background_background&quot;:&quot;classic&quot;,&quot;xpro_backdrop_filter&quot;:&quot;yes&quot;}\">\n\t\t<div data-particle_enable=\"false\" data-particle-mobile-disabled=\"false\" class=\"elementor-element elementor-element-bf05350 e-con-full e-flex e-con e-child\" data-id=\"bf05350\" data-element_type=\"container\">\n\t\t\t\t<div class=\"elementor-element elementor-element-a6e0931 elementor-widget__width-initial bg-title-initiative elementor-widget elementor-widget-heading\" data-id=\"a6e0931\" data-element_type=\"widget\" data-widget_type=\"heading.default\">\n\t\t\t\t<div class=\"elementor-widget-container\">\n\t\t\t\t\t<h1 class=\"elementor-heading-title elementor-size-default\">Mentor\u00eda<br>\nConsciente<br>\nAuditor\u00eda<\/h1>\t\t\t\t<\/div>\n\t\t\t\t<\/div>\n\t\t\t\t<\/div>\n\t\t\t\t<\/div>\n\t\t\t\t<section data-particle_enable=\"false\" data-particle-mobile-disabled=\"false\" class=\"elementor-section elementor-top-section elementor-element elementor-element-77daec5f elementor-section-content-middle animated-slow elementor-section-full_width elementor-section-height-default elementor-section-height-default elementor-invisible\" data-id=\"77daec5f\" data-element_type=\"section\" data-settings=\"{&quot;animation&quot;:&quot;slideInRight&quot;}\">\n\t\t\t\t\t\t<div class=\"elementor-container elementor-column-gap-default\">\n\t\t\t\t\t<div class=\"elementor-column elementor-col-100 elementor-top-column elementor-element elementor-element-1948affb\" data-id=\"1948affb\" data-element_type=\"column\">\n\t\t\t<div class=\"elementor-widget-wrap elementor-element-populated\">\n\t\t\t\t\t\t<div class=\"elementor-element elementor-element-65b02a60 elementor-widget elementor-widget-heading\" data-id=\"65b02a60\" data-element_type=\"widget\" data-widget_type=\"heading.default\">\n\t\t\t\t<div class=\"elementor-widget-container\">\n\t\t\t\t\t<h2 class=\"elementor-heading-title elementor-size-default\">Mentor\u00eda<\/h2>\t\t\t\t<\/div>\n\t\t\t\t<\/div>\n\t\t\t\t<div class=\"elementor-element elementor-element-3339607 medium-p elementor-widget elementor-widget-text-editor\" data-id=\"3339607\" data-element_type=\"widget\" data-widget_type=\"text-editor.default\">\n\t\t\t\t<div class=\"elementor-widget-container\">\n\t\t\t\t\t\t\t\t\t<p class=\"translation-block\"><span>El mentoring es una pr\u00e1ctica en la que un mentor,<\/span><span> una persona con experiencia, ense\u00f1a y gu\u00eda a un aprendiz o tutelado en su formaci\u00f3n.<\/span><span> El objetivo es que \u00e9ste desarrolle su talento potencial a trav\u00e9s de la transferencia de conocimientos en un proceso en el que se establece una relaci\u00f3n de confianza entre ambas partes.<\/span><span> El papel del mentor es guiar y acompa\u00f1ar al aprendiz en su desarrollo profesional <\/span><span>y<\/span><span> personal.<\/span><span> El<\/span><span> mentor interno act\u00faa<\/span><span> como<\/span><span> la persona encargada de<\/span><span> transmitir<\/span><span> los valores internos a su tutelado.<\/span><\/p>\t\t\t\t\t\t\t\t<\/div>\n\t\t\t\t<\/div>\n\t\t\t\t<div class=\"elementor-element elementor-element-23550e7a elementor-align-left elementor-widget elementor-widget-button\" data-id=\"23550e7a\" data-element_type=\"widget\" data-widget_type=\"button.default\">\n\t\t\t\t<div class=\"elementor-widget-container\">\n\t\t\t\t\t\t\t\t\t<div class=\"elementor-button-wrapper\">\n\t\t\t\t\t<a class=\"elementor-button elementor-button-link elementor-size-md\" href=\"https:\/\/imiinstitute.com\/es\/coaching-and-mentoring\/#mentoring\">\n\t\t\t\t\t\t<span class=\"elementor-button-content-wrapper\">\n\t\t\t\t\t\t<span class=\"elementor-button-icon\">\n\t\t\t\t<i aria-hidden=\"true\" class=\"far fa-arrow-alt-circle-right\"><\/i>\t\t\t<\/span>\n\t\t\t\t\t\t\t\t\t<span class=\"elementor-button-text\">Saber m\u00e1s<\/span>\n\t\t\t\t\t<\/span>\n\t\t\t\t\t<\/a>\n\t\t\t\t<\/div>\n\t\t\t\t\t\t\t\t<\/div>\n\t\t\t\t<\/div>\n\t\t\t\t\t<\/div>\n\t\t<\/div>\n\t\t\t\t\t<\/div>\n\t\t<\/section>\n\t\t\t\t<section data-particle_enable=\"false\" data-particle-mobile-disabled=\"false\" class=\"elementor-section elementor-top-section elementor-element elementor-element-b18ae10 elementor-section-content-middle animated-slow elementor-section-full_width elementor-section-height-default elementor-section-height-default elementor-invisible\" data-id=\"b18ae10\" data-element_type=\"section\" data-settings=\"{&quot;animation&quot;:&quot;slideInRight&quot;}\">\n\t\t\t\t\t\t<div class=\"elementor-container elementor-column-gap-default\">\n\t\t\t\t\t<div class=\"elementor-column elementor-col-100 elementor-top-column elementor-element elementor-element-a3892d6\" data-id=\"a3892d6\" data-element_type=\"column\">\n\t\t\t<div class=\"elementor-widget-wrap elementor-element-populated\">\n\t\t\t\t\t\t<div class=\"elementor-element elementor-element-f8b3ebd elementor-widget elementor-widget-heading\" data-id=\"f8b3ebd\" data-element_type=\"widget\" data-widget_type=\"heading.default\">\n\t\t\t\t<div class=\"elementor-widget-container\">\n\t\t\t\t\t<h2 class=\"elementor-heading-title elementor-size-default\">Consciente<\/h2>\t\t\t\t<\/div>\n\t\t\t\t<\/div>\n\t\t\t\t<div class=\"elementor-element elementor-element-1548ca9 medium-p elementor-widget elementor-widget-text-editor\" data-id=\"1548ca9\" data-element_type=\"widget\" data-widget_type=\"text-editor.default\">\n\t\t\t\t<div class=\"elementor-widget-container\">\n\t\t\t\t\t\t\t\t\t<p class=\"translation-block\"><span>El Coaching Interno es una herramienta de desarrollo personal <\/span><span>y<\/span><span> profesional muy potente para superar obst\u00e1culos y alcanzar nuevas metas en tu vida.<\/span><span> El Coaching Interno se basa en la persona que<\/span><span> cambiar\u00e1<\/span><span> y transformar\u00e1 tu vida: t\u00fa.<\/span>\n\n<span>A trav\u00e9s del Coaching te ayudaremos a vivir un proceso de transformaci\u00f3n personal que te llevar\u00e1 a vivir nuevas experiencias, alcanzar nuevas metas, ganar m\u00e1s claridad y confianza en ti mismo, y dejar atr\u00e1s situaciones de tu vida que estaban relacionadas con algo que no eras t\u00fa.<\/span><span> Cada experiencia y reto ser\u00e1 utilizado para ayudarte a crecer y mejorar.<\/span><\/p><p class=\"translation-block\"><span>A trav\u00e9s del Coaching,<\/span><span> te ayudaremos a experimentar un proceso de transformaci\u00f3n personal que te llevar\u00e1 a vivir nuevas experiencias, alcanzar nuevas metas,<\/span><span> ganar<\/span><span> m\u00e1s claridad y autoconfianza, y dejar atr\u00e1s situaciones en tu vida que estaban relacionadas con algo que no eras t\u00fa.<\/span><span> Cada experiencia y desaf\u00edo ser\u00e1 utilizado para<\/span><span> ayudarte <\/span><span>a crecer y mejorar.<\/span><\/p>\t\t\t\t\t\t\t\t<\/div>\n\t\t\t\t<\/div>\n\t\t\t\t<div class=\"elementor-element elementor-element-39d2ada elementor-align-left elementor-widget elementor-widget-button\" data-id=\"39d2ada\" data-element_type=\"widget\" data-widget_type=\"button.default\">\n\t\t\t\t<div class=\"elementor-widget-container\">\n\t\t\t\t\t\t\t\t\t<div class=\"elementor-button-wrapper\">\n\t\t\t\t\t<a class=\"elementor-button elementor-button-link elementor-size-md\" href=\"https:\/\/imiinstitute.com\/es\/coaching-and-mentoring\/#coaching\">\n\t\t\t\t\t\t<span class=\"elementor-button-content-wrapper\">\n\t\t\t\t\t\t<span class=\"elementor-button-icon\">\n\t\t\t\t<i aria-hidden=\"true\" class=\"far fa-arrow-alt-circle-right\"><\/i>\t\t\t<\/span>\n\t\t\t\t\t\t\t\t\t<span class=\"elementor-button-text\">Leer m\u00e1s<\/span>\n\t\t\t\t\t<\/span>\n\t\t\t\t\t<\/a>\n\t\t\t\t<\/div>\n\t\t\t\t\t\t\t\t<\/div>\n\t\t\t\t<\/div>\n\t\t\t\t\t<\/div>\n\t\t<\/div>\n\t\t\t\t\t<\/div>\n\t\t<\/section>\n\t\t\t\t<section data-particle_enable=\"false\" data-particle-mobile-disabled=\"false\" class=\"elementor-section elementor-top-section elementor-element elementor-element-d862f4e elementor-section-content-middle animated-slow elementor-section-full_width elementor-section-height-default elementor-section-height-default elementor-invisible\" data-id=\"d862f4e\" data-element_type=\"section\" data-settings=\"{&quot;animation&quot;:&quot;slideInRight&quot;}\">\n\t\t\t\t\t\t<div class=\"elementor-container elementor-column-gap-default\">\n\t\t\t\t\t<div class=\"elementor-column elementor-col-100 elementor-top-column elementor-element elementor-element-d6257d7\" data-id=\"d6257d7\" data-element_type=\"column\">\n\t\t\t<div class=\"elementor-widget-wrap elementor-element-populated\">\n\t\t\t\t\t\t<div class=\"elementor-element elementor-element-c8c4536 elementor-widget elementor-widget-heading\" data-id=\"c8c4536\" data-element_type=\"widget\" data-widget_type=\"heading.default\">\n\t\t\t\t<div class=\"elementor-widget-container\">\n\t\t\t\t\t<h2 class=\"elementor-heading-title elementor-size-default\">Auditor\u00eda<\/h2>\t\t\t\t<\/div>\n\t\t\t\t<\/div>\n\t\t\t\t<div class=\"elementor-element elementor-element-16b56a5 medium-p elementor-widget elementor-widget-ucaddon_toggle_text_button\" data-id=\"16b56a5\" data-element_type=\"widget\" data-widget_type=\"ucaddon_toggle_text_button.default\">\n\t\t\t\t<div class=\"elementor-widget-container\">\n\t\t\t\t\t<!-- start Toggle Text Button -->\n\t\t\t<style type=\"text\/css\">\/* widget: Toggle Text Button *\/\n\n#uc_toggle_text_button_elementor_16b56a5 .read_more{\n  text-decoration:none;\n  font-size:14px;\n  color:white;\n  transition:0.3s;\n}\n\n<\/style>\n\n\t\t\t<div id=\"uc_toggle_text_button_elementor_16b56a5\" class=\"toggle_text_button\"> \n  \n  <div class=\"short_txt\"><p><span>An Internal Management Audit is an examination of a company's internal knowledge. IMI audits are <\/span><span>conducted<\/span><span> to give investors and other stakeholders confidence that the company's knowledge is being <\/span><span>effectively managed<\/span><span> and that there are optimised levels of efficiency, motivation and well-being within the company.<\/span><\/p><\/div>   \n  <div class=\"long_txt\" style=\"display:none;\"><p><span>Following an audit, the IMI auditor will provide an opinion on how the company's knowledge can be optimised through a number of strategies.<\/span><\/p><p><strong>How it works<\/strong><\/p><p class=\"translation-block\"><span>Una Auditor\u00eda de Gesti\u00f3n Interna<\/span><span> A<\/span><span>udit<\/span><span> es <\/span><span>un examen del conocimiento interno de una empresa.<\/span><span> Las auditor\u00edas IMI se realizan para dar a los inversores y otras partes interesadas la seguridad de que el conocimiento de la empresa se est\u00e1 gestionando adecuadamente y de que existen niveles optimizados de eficiencia, motivaci\u00f3n y bienestar dentro de la empresa.<\/span><\/p><p><span>Tras la auditor\u00eda, el auditor del IMI emitir\u00e1 una opini\u00f3n sobre c\u00f3mo se puede optimizar el conocimiento end\u00f3geno de la empresa a trav\u00e9s de una serie de estrategias.<\/span><\/p><p class=\"translation-block\"><span>La auditor\u00eda IMI proporciona a las partes interesadas y a los empleados informaci\u00f3n sobre c\u00f3mo se crea, comunica,<\/span><span> transforma,<\/span><span> y gestiona el conocimiento en todos los procesos de la organizaci\u00f3n.<\/span><span> Seg\u00fan el tama\u00f1o de la organizaci\u00f3n, una auditor\u00eda IMI puede durar desde unos d\u00edas hasta un mes.<\/span><span> Al final del trabajo, el auditor proporciona una opini\u00f3n profesional sobre la exactitud de los informes de conocimiento interno.<\/span><\/p><p><span>Las auditor\u00edas de IMI tienden a centrarse menos en los estados financieros y m\u00e1s en las operaciones de una empresa y los valores de gobernanza (es el t\u00e9rmino que se quiere utilizar o se refiere a Gesti\u00f3n o Direcci\u00f3n\u2019) corporativa, que brindan una descripci\u00f3n general del desempe\u00f1o de la organizaci\u00f3n en diferentes \u00e1reas. Estas \u00e1reas pueden incluir gobernanza, administraci\u00f3n y recursos humanos, producci\u00f3n, ventas, marketing, contabilidad y finanzas, I+D y cumplimiento legal o compliance.<\/span><\/p><p><strong>Etapas de una auditor\u00eda<\/strong><\/p><p><span>La forma de llevar a cabo una auditor\u00eda puede variar en funci\u00f3n del tama\u00f1o de la empresa y de la complejidad del caso. Sin embargo, una auditor\u00eda de IMI normalmente consta de cuatro fases principales: <\/span><span>phase<\/span><span>s:<\/span><\/p><p class=\"translation-block\"><span>\u2022<\/span><span> La fase de planificaci\u00f3n:<\/span><span> en esta etapa, una empresa trabaja con la firma de auditor\u00eda para acordar detalles como el nivel de compromiso, los procedimientos y los objetivos.<\/span><span><br><\/span>\n<span>\u2022<\/span><span> La fase de controles internos:<\/span><span> los auditores de IMI recopilan registros de conocimiento y cualquier otra informaci\u00f3n necesaria para realizar sus auditor\u00edas. Esta informaci\u00f3n es necesaria para evaluar la precisi\u00f3n de los procesos de gesti\u00f3n del conocimiento (KM).<\/span><span><br><\/span>\n<span>\u2022<\/span><span> La fase de prueba:<\/span><span> los auditores verifican la precisi\u00f3n de las declaraciones de KM utilizando varias pruebas. Puede implicar verificar transacciones, supervisar procedimientos o solicitar m\u00e1s informaci\u00f3n.<\/span><span><br><\/span>\n<span>\u2022<\/span><span> La fase de informe:<\/span><span> cuando se completan todas las pruebas, los auditores preparan un informe que expresa una opini\u00f3n sobre la precisi\u00f3n de la declaraci\u00f3n de KM.<\/span><\/p><\/div>  \n  \n  <div style=\"text-align:inherit;\">  \n    <a href=\"javascript:void(0)\" class=\"read_more\">\n      <span class=\"btn_txt_before_click\"><span  class=\"uc_style_toggle_text_button_elementor_button_text\" style=\"color:#FFFFFF;\">Leer m\u00e1s<\/span><\/span>\n      <span class=\"btn_txt_after_click\" style=\"display:none;\"><span  class=\"uc_style_toggle_text_button_elementor_button_text_close\" style=\"color:#FFF;\">Leer menos<\/span><\/span>\n    <\/a>  \n  <\/div>  \n<\/div>\n\t\t\t<!-- end Toggle Text Button -->\t\t\t\t<\/div>\n\t\t\t\t<\/div>\n\t\t\t\t\t<\/div>\n\t\t<\/div>\n\t\t\t\t\t<\/div>\n\t\t<\/section>\n\t\t\t\t<\/div>","protected":false},"excerpt":{"rendered":"<p>Mentoring Coaching Auditing Mentoring Mentoring is a practice in which a mentor, an experienced person, teaches and guides an apprentice <\/p>","protected":false},"author":1,"featured_media":0,"parent":0,"menu_order":0,"comment_status":"closed","ping_status":"open","template":"elementor_header_footer","meta":{"footnotes":""},"class_list":["post-7628","page","type-page","status-publish","hentry"],"acf":[],"_links":{"self":[{"href":"https:\/\/imiinstitute.com\/es\/wp-json\/wp\/v2\/pages\/7628","targetHints":{"allow":["GET"]}}],"collection":[{"href":"https:\/\/imiinstitute.com\/es\/wp-json\/wp\/v2\/pages"}],"about":[{"href":"https:\/\/imiinstitute.com\/es\/wp-json\/wp\/v2\/types\/page"}],"author":[{"embeddable":true,"href":"https:\/\/imiinstitute.com\/es\/wp-json\/wp\/v2\/users\/1"}],"replies":[{"embeddable":true,"href":"https:\/\/imiinstitute.com\/es\/wp-json\/wp\/v2\/comments?post=7628"}],"version-history":[{"count":107,"href":"https:\/\/imiinstitute.com\/es\/wp-json\/wp\/v2\/pages\/7628\/revisions"}],"predecessor-version":[{"id":11744,"href":"https:\/\/imiinstitute.com\/es\/wp-json\/wp\/v2\/pages\/7628\/revisions\/11744"}],"wp:attachment":[{"href":"https:\/\/imiinstitute.com\/es\/wp-json\/wp\/v2\/media?parent=7628"}],"curies":[{"name":"wp","href":"https:\/\/api.w.org\/{rel}","templated":true}]}}